{"id":3645,"date":"2018-01-23T10:26:35","date_gmt":"2018-01-23T09:26:35","guid":{"rendered":"https:\/\/www.lescanalous.com\/nouveau-suivez-le-guide\/"},"modified":"2025-07-30T17:01:29","modified_gmt":"2025-07-30T15:01:29","slug":"neu-bei-uns-folgen-sie-dem-ratgeber","status":"publish","type":"page","link":"https:\/\/www.lescanalous.com\/de\/neu-bei-uns-folgen-sie-dem-ratgeber\/","title":{"rendered":"Neu bei uns&nbsp;? Folgen Sie dem Ratgeber"},"content":{"rendered":"","protected":false},"excerpt":{"rendered":"","protected":false},"author":3,"featured_media":365,"parent":0,"menu_order":94,"comment_status":"closed","ping_status":"closed","template":"views\/page-faq.blade.php","meta":{"_acf_changed":false,"inline_featured_image":false,"wp_typography_post_enhancements_disabled":false,"footnotes":""},"class_list":["post-3645","page","type-page","status-publish","has-post-thumbnail","hentry"],"acf":[],"yoast_head":"<!-- This site is optimized with the Yoast SEO plugin v27.3 - https:\/\/yoast.com\/product\/yoast-seo-wordpress\/ -->\n<title>H\u00e4ufig gestellte Fragen<\/title>\n<meta name=\"description\" content=\"Sie interessieren sich f\u00fcr das Mieten eines Hausbootes ohne F\u00fchrerschein und haben Fragen? Hier finden Sie alle Antworten.\" \/>\n<meta name=\"robots\" content=\"index, follow, max-snippet:-1, max-image-preview:large, max-video-preview:-1\" \/>\n<link rel=\"canonical\" href=\"http:\/\/www.hausbootferien.net\/faq\/faq\" \/>\n<meta property=\"og:locale\" content=\"de_DE\" \/>\n<meta property=\"og:type\" content=\"article\" \/>\n<meta property=\"og:title\" content=\"H\u00e4ufig gestellte Fragen\" \/>\n<meta property=\"og:description\" content=\"Sie interessieren sich f\u00fcr das Mieten eines Hausbootes ohne F\u00fchrerschein und haben Fragen? Hier finden Sie alle Antworten.\" \/>\n<meta property=\"og:url\" content=\"http:\/\/www.hausbootferien.net\/faq\/faq\" \/>\n<meta property=\"og:site_name\" content=\"Les Canalous\" \/>\n<meta property=\"article:publisher\" content=\"https:\/\/www.facebook.com\/lescanalous\/\" \/>\n<meta property=\"article:modified_time\" content=\"2025-07-30T15:01:29+00:00\" \/>\n<meta property=\"og:image\" content=\"https:\/\/cdn.lescanalous.com\/uploads\/2018\/02\/promotions-scaled.jpg\" \/>\n\t<meta property=\"og:image:width\" content=\"2560\" \/>\n\t<meta property=\"og:image:height\" content=\"1704\" \/>\n\t<meta property=\"og:image:type\" content=\"image\/jpeg\" \/>\n<meta name=\"twitter:card\" content=\"summary_large_image\" \/>\n<meta name=\"twitter:site\" content=\"@lescanalous\" \/>\n<meta name=\"twitter:label1\" content=\"Gesch\u00e4tzte Lesezeit\" \/>\n\t<meta name=\"twitter:data1\" content=\"1\u00a0Minute\" \/>\n<script type=\"application\/ld+json\" class=\"yoast-schema-graph\">{\"@context\":\"https:\\\/\\\/schema.org\",\"@graph\":[{\"@type\":\"WebPage\",\"@id\":\"https:\\\/\\\/www.lescanalous.com\\\/nouveau-suivez-le-guide\\\/\",\"url\":\"http:\\\/\\\/www.hausbootferien.net\\\/faq\\\/faq\",\"name\":\"H\u00e4ufig gestellte Fragen\",\"isPartOf\":{\"@id\":\"https:\\\/\\\/www.lescanalous.com\\\/#website\"},\"primaryImageOfPage\":{\"@id\":\"http:\\\/\\\/www.hausbootferien.net\\\/faq\\\/faq#primaryimage\"},\"image\":{\"@id\":\"http:\\\/\\\/www.hausbootferien.net\\\/faq\\\/faq#primaryimage\"},\"thumbnailUrl\":\"https:\\\/\\\/cdn.lescanalous.com\\\/uploads\\\/2018\\\/02\\\/promotions-scaled.jpg\",\"datePublished\":\"2018-01-23T09:26:35+00:00\",\"dateModified\":\"2025-07-30T15:01:29+00:00\",\"description\":\"Sie interessieren sich f\u00fcr das Mieten eines Hausbootes ohne F\u00fchrerschein und haben Fragen? Hier finden Sie alle Antworten.\",\"breadcrumb\":{\"@id\":\"http:\\\/\\\/www.hausbootferien.net\\\/faq\\\/faq#breadcrumb\"},\"inLanguage\":\"de\",\"potentialAction\":[{\"@type\":\"ReadAction\",\"target\":[\"http:\\\/\\\/www.hausbootferien.net\\\/faq\\\/faq\"]}]},{\"@type\":\"ImageObject\",\"inLanguage\":\"de\",\"@id\":\"http:\\\/\\\/www.hausbootferien.net\\\/faq\\\/faq#primaryimage\",\"url\":\"https:\\\/\\\/cdn.lescanalous.com\\\/uploads\\\/2018\\\/02\\\/promotions-scaled.jpg\",\"contentUrl\":\"https:\\\/\\\/cdn.lescanalous.com\\\/uploads\\\/2018\\\/02\\\/promotions-scaled.jpg\",\"width\":2560,\"height\":1704},{\"@type\":\"BreadcrumbList\",\"@id\":\"http:\\\/\\\/www.hausbootferien.net\\\/faq\\\/faq#breadcrumb\",\"itemListElement\":[{\"@type\":\"ListItem\",\"position\":1,\"name\":\"Accueil\",\"item\":\"https:\\\/\\\/www.lescanalous.com\\\/de\\\/\"},{\"@type\":\"ListItem\",\"position\":2,\"name\":\"Neu bei uns? Folgen Sie dem Ratgeber\",\"item\":\"http:\\\/\\\/www.hausbootferien.net\\\/faq\\\/faq\"}]},{\"@type\":\"WebSite\",\"@id\":\"https:\\\/\\\/www.lescanalous.com\\\/#website\",\"url\":\"https:\\\/\\\/www.lescanalous.com\\\/\",\"name\":\"Les Canalous\",\"description\":\"Partez \u00e0 l&#039;aventure ! Location de bateaux sans permis, croisi\u00e8res fluviales.\",\"publisher\":{\"@id\":\"https:\\\/\\\/www.lescanalous.com\\\/#organization\"},\"potentialAction\":[{\"@type\":\"SearchAction\",\"target\":{\"@type\":\"EntryPoint\",\"urlTemplate\":\"https:\\\/\\\/www.lescanalous.com\\\/?s={search_term_string}\"},\"query-input\":{\"@type\":\"PropertyValueSpecification\",\"valueRequired\":true,\"valueName\":\"search_term_string\"}}],\"inLanguage\":\"de\"},{\"@type\":\"Organization\",\"@id\":\"https:\\\/\\\/www.lescanalous.com\\\/#organization\",\"name\":\"Les Canalous\",\"url\":\"https:\\\/\\\/www.lescanalous.com\\\/\",\"logo\":{\"@type\":\"ImageObject\",\"inLanguage\":\"de\",\"@id\":\"https:\\\/\\\/www.lescanalous.com\\\/#\\\/schema\\\/logo\\\/image\\\/\",\"url\":\"https:\\\/\\\/cdn.lescanalous.com\\\/uploads\\\/2025\\\/04\\\/logo-canalous-blanc-sur-bleu.svg\",\"contentUrl\":\"https:\\\/\\\/cdn.lescanalous.com\\\/uploads\\\/2025\\\/04\\\/logo-canalous-blanc-sur-bleu.svg\",\"width\":753,\"height\":119,\"caption\":\"Les Canalous\"},\"image\":{\"@id\":\"https:\\\/\\\/www.lescanalous.com\\\/#\\\/schema\\\/logo\\\/image\\\/\"},\"sameAs\":[\"https:\\\/\\\/www.facebook.com\\\/lescanalous\\\/\",\"https:\\\/\\\/x.com\\\/lescanalous\",\"https:\\\/\\\/www.instagram.com\\\/lescanalous\\\/\"]}]}<\/script>\n<!-- \/ Yoast SEO plugin. -->","yoast_head_json":{"title":"H\u00e4ufig gestellte Fragen","description":"Sie interessieren sich f\u00fcr das Mieten eines Hausbootes ohne F\u00fchrerschein und haben Fragen? Hier finden Sie alle Antworten.","robots":{"index":"index","follow":"follow","max-snippet":"max-snippet:-1","max-image-preview":"max-image-preview:large","max-video-preview":"max-video-preview:-1"},"canonical":"http:\/\/www.hausbootferien.net\/faq\/faq","og_locale":"de_DE","og_type":"article","og_title":"H\u00e4ufig gestellte Fragen","og_description":"Sie interessieren sich f\u00fcr das Mieten eines Hausbootes ohne F\u00fchrerschein und haben Fragen? Hier finden Sie alle Antworten.","og_url":"http:\/\/www.hausbootferien.net\/faq\/faq","og_site_name":"Les Canalous","article_publisher":"https:\/\/www.facebook.com\/lescanalous\/","article_modified_time":"2025-07-30T15:01:29+00:00","og_image":[{"width":2560,"height":1704,"url":"https:\/\/cdn.lescanalous.com\/uploads\/2018\/02\/promotions-scaled.jpg","type":"image\/jpeg"}],"twitter_card":"summary_large_image","twitter_site":"@lescanalous","twitter_misc":{"Gesch\u00e4tzte Lesezeit":"1\u00a0Minute"},"schema":{"@context":"https:\/\/schema.org","@graph":[{"@type":"WebPage","@id":"https:\/\/www.lescanalous.com\/nouveau-suivez-le-guide\/","url":"http:\/\/www.hausbootferien.net\/faq\/faq","name":"H\u00e4ufig gestellte Fragen","isPartOf":{"@id":"https:\/\/www.lescanalous.com\/#website"},"primaryImageOfPage":{"@id":"http:\/\/www.hausbootferien.net\/faq\/faq#primaryimage"},"image":{"@id":"http:\/\/www.hausbootferien.net\/faq\/faq#primaryimage"},"thumbnailUrl":"https:\/\/cdn.lescanalous.com\/uploads\/2018\/02\/promotions-scaled.jpg","datePublished":"2018-01-23T09:26:35+00:00","dateModified":"2025-07-30T15:01:29+00:00","description":"Sie interessieren sich f\u00fcr das Mieten eines Hausbootes ohne F\u00fchrerschein und haben Fragen? Hier finden Sie alle Antworten.","breadcrumb":{"@id":"http:\/\/www.hausbootferien.net\/faq\/faq#breadcrumb"},"inLanguage":"de","potentialAction":[{"@type":"ReadAction","target":["http:\/\/www.hausbootferien.net\/faq\/faq"]}]},{"@type":"ImageObject","inLanguage":"de","@id":"http:\/\/www.hausbootferien.net\/faq\/faq#primaryimage","url":"https:\/\/cdn.lescanalous.com\/uploads\/2018\/02\/promotions-scaled.jpg","contentUrl":"https:\/\/cdn.lescanalous.com\/uploads\/2018\/02\/promotions-scaled.jpg","width":2560,"height":1704},{"@type":"BreadcrumbList","@id":"http:\/\/www.hausbootferien.net\/faq\/faq#breadcrumb","itemListElement":[{"@type":"ListItem","position":1,"name":"Accueil","item":"https:\/\/www.lescanalous.com\/de\/"},{"@type":"ListItem","position":2,"name":"Neu bei uns? Folgen Sie dem Ratgeber","item":"http:\/\/www.hausbootferien.net\/faq\/faq"}]},{"@type":"WebSite","@id":"https:\/\/www.lescanalous.com\/#website","url":"https:\/\/www.lescanalous.com\/","name":"Les Canalous","description":"Partez \u00e0 l&#039;aventure ! Location de bateaux sans permis, croisi\u00e8res fluviales.","publisher":{"@id":"https:\/\/www.lescanalous.com\/#organization"},"potentialAction":[{"@type":"SearchAction","target":{"@type":"EntryPoint","urlTemplate":"https:\/\/www.lescanalous.com\/?s={search_term_string}"},"query-input":{"@type":"PropertyValueSpecification","valueRequired":true,"valueName":"search_term_string"}}],"inLanguage":"de"},{"@type":"Organization","@id":"https:\/\/www.lescanalous.com\/#organization","name":"Les Canalous","url":"https:\/\/www.lescanalous.com\/","logo":{"@type":"ImageObject","inLanguage":"de","@id":"https:\/\/www.lescanalous.com\/#\/schema\/logo\/image\/","url":"https:\/\/cdn.lescanalous.com\/uploads\/2025\/04\/logo-canalous-blanc-sur-bleu.svg","contentUrl":"https:\/\/cdn.lescanalous.com\/uploads\/2025\/04\/logo-canalous-blanc-sur-bleu.svg","width":753,"height":119,"caption":"Les Canalous"},"image":{"@id":"https:\/\/www.lescanalous.com\/#\/schema\/logo\/image\/"},"sameAs":["https:\/\/www.facebook.com\/lescanalous\/","https:\/\/x.com\/lescanalous","https:\/\/www.instagram.com\/lescanalous\/"]}]}},"_links":{"self":[{"href":"https:\/\/www.lescanalous.com\/de\/wp-json\/wp\/v2\/pages\/3645","targetHints":{"allow":["GET"]}}],"collection":[{"href":"https:\/\/www.lescanalous.com\/de\/wp-json\/wp\/v2\/pages"}],"about":[{"href":"https:\/\/www.lescanalous.com\/de\/wp-json\/wp\/v2\/types\/page"}],"author":[{"embeddable":true,"href":"https:\/\/www.lescanalous.com\/de\/wp-json\/wp\/v2\/users\/3"}],"replies":[{"embeddable":true,"href":"https:\/\/www.lescanalous.com\/de\/wp-json\/wp\/v2\/comments?post=3645"}],"version-history":[{"count":16,"href":"https:\/\/www.lescanalous.com\/de\/wp-json\/wp\/v2\/pages\/3645\/revisions"}],"predecessor-version":[{"id":46874,"href":"https:\/\/www.lescanalous.com\/de\/wp-json\/wp\/v2\/pages\/3645\/revisions\/46874"}],"wp:featuredmedia":[{"embeddable":true,"href":"https:\/\/www.lescanalous.com\/de\/wp-json\/wp\/v2\/media\/365"}],"wp:attachment":[{"href":"https:\/\/www.lescanalous.com\/de\/wp-json\/wp\/v2\/media?parent=3645"}],"curies":[{"name":"wp","href":"https:\/\/api.w.org\/{rel}","templated":true}]}}