{"id":3648,"date":"2018-03-22T10:52:39","date_gmt":"2018-03-22T09:52:39","guid":{"rendered":"https:\/\/www.lescanalous.com\/avis-des-clients\/"},"modified":"2024-01-02T14:27:22","modified_gmt":"2024-01-02T13:27:22","slug":"kundenzufriedenheit","status":"publish","type":"page","link":"https:\/\/www.lescanalous.com\/de\/kundenzufriedenheit\/","title":{"rendered":"Kundenzufriedenheit"},"content":{"rendered":"","protected":false},"excerpt":{"rendered":"","protected":false},"author":7,"featured_media":0,"parent":0,"menu_order":68,"comment_status":"closed","ping_status":"closed","template":"views\/page-avis.blade.php","meta":{"_acf_changed":false,"inline_featured_image":false,"wp_typography_post_enhancements_disabled":false,"footnotes":""},"class_list":["post-3648","page","type-page","status-publish","hentry"],"acf":[],"yoast_head":"<!-- This site is optimized with the Yoast SEO plugin v27.3 - https:\/\/yoast.com\/product\/yoast-seo-wordpress\/ -->\n<title>Avis Canalous : retours d&#039;exp\u00e9rience de croisi\u00e8re de clients<\/title>\n<meta name=\"description\" content=\"Liste des avis et opinions de clients suite \u00e0 la location de bateaux sans permis en France et en Europe\" \/>\n<meta name=\"robots\" content=\"index, follow, max-snippet:-1, max-image-preview:large, max-video-preview:-1\" \/>\n<link rel=\"canonical\" href=\"http:\/\/www.hausbootferien.net\/livre-dor-2017\" \/>\n<meta property=\"og:locale\" content=\"de_DE\" \/>\n<meta property=\"og:type\" content=\"article\" \/>\n<meta property=\"og:title\" content=\"Avis Canalous : retours d&#039;exp\u00e9rience de croisi\u00e8re de clients\" \/>\n<meta property=\"og:description\" content=\"Liste des avis et opinions de clients suite \u00e0 la location de bateaux sans permis en France et en Europe\" \/>\n<meta property=\"og:url\" content=\"http:\/\/www.hausbootferien.net\/livre-dor-2017\" \/>\n<meta property=\"og:site_name\" content=\"Les Canalous\" \/>\n<meta property=\"article:publisher\" content=\"https:\/\/www.facebook.com\/lescanalous\/\" \/>\n<meta property=\"article:modified_time\" content=\"2024-01-02T13:27:22+00:00\" \/>\n<meta name=\"twitter:card\" content=\"summary_large_image\" \/>\n<meta name=\"twitter:site\" content=\"@lescanalous\" \/>\n<meta name=\"twitter:label1\" content=\"Gesch\u00e4tzte Lesezeit\" \/>\n\t<meta name=\"twitter:data1\" content=\"2\u00a0Minuten\" \/>\n<script type=\"application\/ld+json\" class=\"yoast-schema-graph\">{\"@context\":\"https:\\\/\\\/schema.org\",\"@graph\":[{\"@type\":\"WebPage\",\"@id\":\"https:\\\/\\\/www.lescanalous.com\\\/avis-des-clients\\\/\",\"url\":\"http:\\\/\\\/www.hausbootferien.net\\\/livre-dor-2017\",\"name\":\"Avis Canalous : retours d'exp\u00e9rience de croisi\u00e8re de clients\",\"isPartOf\":{\"@id\":\"https:\\\/\\\/www.lescanalous.com\\\/#website\"},\"datePublished\":\"2018-03-22T09:52:39+00:00\",\"dateModified\":\"2024-01-02T13:27:22+00:00\",\"description\":\"Liste des avis et opinions de clients suite \u00e0 la location de bateaux sans permis en France et en Europe\",\"breadcrumb\":{\"@id\":\"http:\\\/\\\/www.hausbootferien.net\\\/livre-dor-2017#breadcrumb\"},\"inLanguage\":\"de\",\"potentialAction\":[{\"@type\":\"ReadAction\",\"target\":[\"http:\\\/\\\/www.hausbootferien.net\\\/livre-dor-2017\"]}]},{\"@type\":\"BreadcrumbList\",\"@id\":\"http:\\\/\\\/www.hausbootferien.net\\\/livre-dor-2017#breadcrumb\",\"itemListElement\":[{\"@type\":\"ListItem\",\"position\":1,\"name\":\"Accueil\",\"item\":\"https:\\\/\\\/www.lescanalous.com\\\/de\\\/\"},{\"@type\":\"ListItem\",\"position\":2,\"name\":\"Kundenzufriedenheit\",\"item\":\"http:\\\/\\\/www.hausbootferien.net\\\/livre-dor-2017\"}]},{\"@type\":\"WebSite\",\"@id\":\"https:\\\/\\\/www.lescanalous.com\\\/#website\",\"url\":\"https:\\\/\\\/www.lescanalous.com\\\/\",\"name\":\"Les Canalous\",\"description\":\"Partez \u00e0 l&#039;aventure ! Location de bateaux sans permis, croisi\u00e8res fluviales.\",\"publisher\":{\"@id\":\"https:\\\/\\\/www.lescanalous.com\\\/#organization\"},\"potentialAction\":[{\"@type\":\"SearchAction\",\"target\":{\"@type\":\"EntryPoint\",\"urlTemplate\":\"https:\\\/\\\/www.lescanalous.com\\\/?s={search_term_string}\"},\"query-input\":{\"@type\":\"PropertyValueSpecification\",\"valueRequired\":true,\"valueName\":\"search_term_string\"}}],\"inLanguage\":\"de\"},{\"@type\":\"Organization\",\"@id\":\"https:\\\/\\\/www.lescanalous.com\\\/#organization\",\"name\":\"Les Canalous\",\"url\":\"https:\\\/\\\/www.lescanalous.com\\\/\",\"logo\":{\"@type\":\"ImageObject\",\"inLanguage\":\"de\",\"@id\":\"https:\\\/\\\/www.lescanalous.com\\\/#\\\/schema\\\/logo\\\/image\\\/\",\"url\":\"https:\\\/\\\/cdn.lescanalous.com\\\/uploads\\\/2025\\\/04\\\/logo-canalous-blanc-sur-bleu.svg\",\"contentUrl\":\"https:\\\/\\\/cdn.lescanalous.com\\\/uploads\\\/2025\\\/04\\\/logo-canalous-blanc-sur-bleu.svg\",\"width\":753,\"height\":119,\"caption\":\"Les Canalous\"},\"image\":{\"@id\":\"https:\\\/\\\/www.lescanalous.com\\\/#\\\/schema\\\/logo\\\/image\\\/\"},\"sameAs\":[\"https:\\\/\\\/www.facebook.com\\\/lescanalous\\\/\",\"https:\\\/\\\/x.com\\\/lescanalous\",\"https:\\\/\\\/www.instagram.com\\\/lescanalous\\\/\"]}]}<\/script>\n<!-- \/ Yoast SEO plugin. -->","yoast_head_json":{"title":"Avis Canalous : retours d'exp\u00e9rience de croisi\u00e8re de clients","description":"Liste des avis et opinions de clients suite \u00e0 la location de bateaux sans permis en France et en Europe","robots":{"index":"index","follow":"follow","max-snippet":"max-snippet:-1","max-image-preview":"max-image-preview:large","max-video-preview":"max-video-preview:-1"},"canonical":"http:\/\/www.hausbootferien.net\/livre-dor-2017","og_locale":"de_DE","og_type":"article","og_title":"Avis Canalous : retours d'exp\u00e9rience de croisi\u00e8re de clients","og_description":"Liste des avis et opinions de clients suite \u00e0 la location de bateaux sans permis en France et en Europe","og_url":"http:\/\/www.hausbootferien.net\/livre-dor-2017","og_site_name":"Les Canalous","article_publisher":"https:\/\/www.facebook.com\/lescanalous\/","article_modified_time":"2024-01-02T13:27:22+00:00","twitter_card":"summary_large_image","twitter_site":"@lescanalous","twitter_misc":{"Gesch\u00e4tzte Lesezeit":"2\u00a0Minuten"},"schema":{"@context":"https:\/\/schema.org","@graph":[{"@type":"WebPage","@id":"https:\/\/www.lescanalous.com\/avis-des-clients\/","url":"http:\/\/www.hausbootferien.net\/livre-dor-2017","name":"Avis Canalous : retours d'exp\u00e9rience de croisi\u00e8re de clients","isPartOf":{"@id":"https:\/\/www.lescanalous.com\/#website"},"datePublished":"2018-03-22T09:52:39+00:00","dateModified":"2024-01-02T13:27:22+00:00","description":"Liste des avis et opinions de clients suite \u00e0 la location de bateaux sans permis en France et en Europe","breadcrumb":{"@id":"http:\/\/www.hausbootferien.net\/livre-dor-2017#breadcrumb"},"inLanguage":"de","potentialAction":[{"@type":"ReadAction","target":["http:\/\/www.hausbootferien.net\/livre-dor-2017"]}]},{"@type":"BreadcrumbList","@id":"http:\/\/www.hausbootferien.net\/livre-dor-2017#breadcrumb","itemListElement":[{"@type":"ListItem","position":1,"name":"Accueil","item":"https:\/\/www.lescanalous.com\/de\/"},{"@type":"ListItem","position":2,"name":"Kundenzufriedenheit","item":"http:\/\/www.hausbootferien.net\/livre-dor-2017"}]},{"@type":"WebSite","@id":"https:\/\/www.lescanalous.com\/#website","url":"https:\/\/www.lescanalous.com\/","name":"Les Canalous","description":"Partez \u00e0 l&#039;aventure ! Location de bateaux sans permis, croisi\u00e8res fluviales.","publisher":{"@id":"https:\/\/www.lescanalous.com\/#organization"},"potentialAction":[{"@type":"SearchAction","target":{"@type":"EntryPoint","urlTemplate":"https:\/\/www.lescanalous.com\/?s={search_term_string}"},"query-input":{"@type":"PropertyValueSpecification","valueRequired":true,"valueName":"search_term_string"}}],"inLanguage":"de"},{"@type":"Organization","@id":"https:\/\/www.lescanalous.com\/#organization","name":"Les Canalous","url":"https:\/\/www.lescanalous.com\/","logo":{"@type":"ImageObject","inLanguage":"de","@id":"https:\/\/www.lescanalous.com\/#\/schema\/logo\/image\/","url":"https:\/\/cdn.lescanalous.com\/uploads\/2025\/04\/logo-canalous-blanc-sur-bleu.svg","contentUrl":"https:\/\/cdn.lescanalous.com\/uploads\/2025\/04\/logo-canalous-blanc-sur-bleu.svg","width":753,"height":119,"caption":"Les Canalous"},"image":{"@id":"https:\/\/www.lescanalous.com\/#\/schema\/logo\/image\/"},"sameAs":["https:\/\/www.facebook.com\/lescanalous\/","https:\/\/x.com\/lescanalous","https:\/\/www.instagram.com\/lescanalous\/"]}]}},"_links":{"self":[{"href":"https:\/\/www.lescanalous.com\/de\/wp-json\/wp\/v2\/pages\/3648","targetHints":{"allow":["GET"]}}],"collection":[{"href":"https:\/\/www.lescanalous.com\/de\/wp-json\/wp\/v2\/pages"}],"about":[{"href":"https:\/\/www.lescanalous.com\/de\/wp-json\/wp\/v2\/types\/page"}],"author":[{"embeddable":true,"href":"https:\/\/www.lescanalous.com\/de\/wp-json\/wp\/v2\/users\/7"}],"replies":[{"embeddable":true,"href":"https:\/\/www.lescanalous.com\/de\/wp-json\/wp\/v2\/comments?post=3648"}],"version-history":[{"count":7,"href":"https:\/\/www.lescanalous.com\/de\/wp-json\/wp\/v2\/pages\/3648\/revisions"}],"predecessor-version":[{"id":34639,"href":"https:\/\/www.lescanalous.com\/de\/wp-json\/wp\/v2\/pages\/3648\/revisions\/34639"}],"wp:attachment":[{"href":"https:\/\/www.lescanalous.com\/de\/wp-json\/wp\/v2\/media?parent=3648"}],"curies":[{"name":"wp","href":"https:\/\/api.w.org\/{rel}","templated":true}]}}