{"id":3662,"date":"2018-01-23T10:26:35","date_gmt":"2018-01-23T09:26:35","guid":{"rendered":"https:\/\/www.lescanalous.com\/nos-bateaux-sans-permis\/"},"modified":"2025-11-03T14:29:18","modified_gmt":"2025-11-03T13:29:18","slug":"ihr-boot","status":"publish","type":"page","link":"https:\/\/www.lescanalous.com\/de\/ihr-boot\/","title":{"rendered":"Ihr Boot"},"content":{"rendered":"\t\t<div data-elementor-type=\"wp-post\" data-elementor-id=\"3662\" class=\"elementor elementor-3662 elementor-72\" data-elementor-post-type=\"page\">\n\t\t\t\t\t\t<section class=\"elementor-section elementor-top-section elementor-element elementor-element-14fc85c2 elementor-section-boxed elementor-section-height-default elementor-section-height-default\" data-id=\"14fc85c2\" data-element_type=\"section\" data-e-type=\"section\">\n\t\t\t\t\t\t<div class=\"elementor-container elementor-column-gap-default\">\n\t\t\t\t\t<div class=\"elementor-column elementor-col-100 elementor-top-column elementor-element elementor-element-55e416dc\" data-id=\"55e416dc\" data-element_type=\"column\" data-e-type=\"column\">\n\t\t\t<div class=\"elementor-widget-wrap elementor-element-populated\">\n\t\t\t\t\t\t<div class=\"elementor-element elementor-element-55f24a5d elementor-widget elementor-widget-text-editor\" data-id=\"55f24a5d\" data-element_type=\"widget\" data-e-type=\"widget\" data-widget_type=\"text-editor.default\">\n\t\t\t\t<div class=\"elementor-widget-container\">\n\t\t\t\t\t\t\t\t\t<p style=\"text-align: center;\"><\/p><p style=\"text-align: center;\"><strong>Starten Sie von unseren Char\u00adter\u00adbasen in den Haus\u00adbooturlaub und ent\u00addeck\u00aden Sie Frankre\u00adich und Europa.<\/strong><\/p><p style=\"text-align: center;\">Erleben Sie S\u00fcd\u00adfrankre\u00adich auf dem Canal du Midi (Car\u00adcas\u00adsonne, Homps, Agde, Colom\u00adbiers), sowie in den Regio\u00adnen Camar\u00adgue (Carnon), Char\u00adente (Cognac) und Lot (Cahors, Luzech).<\/p><p style=\"text-align: center;\">Starten Sie Ihre Flusskreuz\u00adfahrt im Elsass (Hochfelden), in der Mayenne (Che\u00adnil\u00adl\u00e9-Chang\u00e9), der Bre\u00adtagne (Redon), den Arden\u00adnen (Pont \u00e0&nbsp;bar), in Nord\u00adbur\u00adgund (Mail\u00adly-Le-Ch\u00e2teau, Ch\u00e2til\u00adlon en Bazois, Digoin) oder S\u00fcd\u00adbur\u00adgund (Louhans, Pon\u00adtailler sur&nbsp;Sa\u00f4ne).<\/p><p style=\"text-align: center;\">Auch in Europa bieten wir Ihnen zahlre\u00adiche Des\u00adti\u00adna\u00adtio\u00adnen, wie Mara\u00adno et Chiog\u00adgia in Ital\u00adien, F\u00fcrsten\u00adberg in Deutsch\u00adland, Woubrugge in den Nieder\u00adlan\u00adden und Rybi\u00adna en&nbsp;Polen.<\/p>\t\t\t\t\t\t\t\t<\/div>\n\t\t\t\t<\/div>\n\t\t\t\t\t<\/div>\n\t\t<\/div>\n\t\t\t\t\t<\/div>\n\t\t<\/section>\n\t\t\t\t<\/div>\n\t\t","protected":false},"excerpt":{"rendered":"<p>Starten Sie von unseren Char\u00adter\u00adbasen in den Haus\u00adbooturlaub und ent\u00addeck\u00aden Sie Frankre\u00adich und Europa. Erleben Sie S\u00fcd\u00adfrankre\u00adich auf dem Canal du Midi (Car\u00adcas\u00adsonne, Homps, Agde, Colom\u00adbiers), sowie in den Regio\u00adnen Camar\u00adgue (Carnon), Char\u00adente (Cognac) und Lot (Cahors, Luzech). Starten Sie Ihre Flusskreuz\u00adfahrt im Elsass (Hochfelden), in der Mayenne (Che\u00adnil\u00adl\u00e9-Chang\u00e9), der Bre\u00adtagne (Redon), den Arden\u00adnen (Pont\u2026<\/p>\n","protected":false},"author":3,"featured_media":320,"parent":0,"menu_order":100,"comment_status":"closed","ping_status":"closed","template":"views\/page-boatsRanges.blade.php","meta":{"_acf_changed":false,"inline_featured_image":false,"wp_typography_post_enhancements_disabled":false,"footnotes":""},"class_list":["post-3662","page","type-page","status-publish","has-post-thumbnail","hentry"],"acf":[],"yoast_head":"<!-- This site is optimized with the Yoast SEO plugin v27.3 - https:\/\/yoast.com\/product\/yoast-seo-wordpress\/ -->\n<title>Vermietung von f\u00fchrerscheinfreien Binnenschiffen und Hausbooten<\/title>\n<meta name=\"description\" content=\"Entdecken Sie die Hausbootvermietung ohne F\u00fchrerschein, um die sch\u00f6nsten Hausbootferien mit der Familie oder mit Freunden zu verbringen.\" \/>\n<meta name=\"robots\" content=\"index, follow, max-snippet:-1, max-image-preview:large, max-video-preview:-1\" \/>\n<link rel=\"canonical\" href=\"https:\/\/www.lescanalous.com\/nos-bateaux-sans-permis\/\" \/>\n<meta property=\"og:locale\" content=\"de_DE\" \/>\n<meta property=\"og:type\" content=\"article\" \/>\n<meta property=\"og:title\" content=\"Vermietung von f\u00fchrerscheinfreien Binnenschiffen und Hausbooten\" \/>\n<meta property=\"og:description\" content=\"Entdecken Sie die Hausbootvermietung ohne F\u00fchrerschein, um die sch\u00f6nsten Hausbootferien mit der Familie oder mit Freunden zu verbringen.\" \/>\n<meta property=\"og:url\" content=\"https:\/\/www.lescanalous.com\/nos-bateaux-sans-permis\/\" \/>\n<meta property=\"og:site_name\" content=\"Les Canalous\" \/>\n<meta property=\"article:publisher\" content=\"https:\/\/www.facebook.com\/lescanalous\/\" \/>\n<meta property=\"article:modified_time\" content=\"2025-11-03T13:29:18+00:00\" \/>\n<meta property=\"og:image\" content=\"https:\/\/cdn.lescanalous.com\/uploads\/2018\/02\/bateaux.jpg\" \/>\n\t<meta property=\"og:image:width\" content=\"1900\" \/>\n\t<meta property=\"og:image:height\" content=\"1267\" \/>\n\t<meta property=\"og:image:type\" content=\"image\/jpeg\" \/>\n<meta name=\"twitter:card\" content=\"summary_large_image\" \/>\n<meta name=\"twitter:site\" content=\"@lescanalous\" \/>\n<meta name=\"twitter:label1\" content=\"Gesch\u00e4tzte Lesezeit\" \/>\n\t<meta name=\"twitter:data1\" content=\"1\u00a0Minute\" \/>\n<script type=\"application\/ld+json\" class=\"yoast-schema-graph\">{\"@context\":\"https:\\\/\\\/schema.org\",\"@graph\":[{\"@type\":\"WebPage\",\"@id\":\"https:\\\/\\\/www.lescanalous.com\\\/nos-bateaux-sans-permis\\\/\",\"url\":\"https:\\\/\\\/www.lescanalous.com\\\/nos-bateaux-sans-permis\\\/\",\"name\":\"Vermietung von f\u00fchrerscheinfreien Binnenschiffen und Hausbooten\",\"isPartOf\":{\"@id\":\"https:\\\/\\\/www.lescanalous.com\\\/#website\"},\"primaryImageOfPage\":{\"@id\":\"https:\\\/\\\/www.lescanalous.com\\\/nos-bateaux-sans-permis\\\/#primaryimage\"},\"image\":{\"@id\":\"https:\\\/\\\/www.lescanalous.com\\\/nos-bateaux-sans-permis\\\/#primaryimage\"},\"thumbnailUrl\":\"https:\\\/\\\/cdn.lescanalous.com\\\/uploads\\\/2018\\\/02\\\/bateaux.jpg\",\"datePublished\":\"2018-01-23T09:26:35+00:00\",\"dateModified\":\"2025-11-03T13:29:18+00:00\",\"description\":\"Entdecken Sie die Hausbootvermietung ohne F\u00fchrerschein, um die sch\u00f6nsten Hausbootferien mit der Familie oder mit Freunden zu verbringen.\",\"breadcrumb\":{\"@id\":\"https:\\\/\\\/www.lescanalous.com\\\/nos-bateaux-sans-permis\\\/#breadcrumb\"},\"inLanguage\":\"de\",\"potentialAction\":[{\"@type\":\"ReadAction\",\"target\":[\"https:\\\/\\\/www.lescanalous.com\\\/nos-bateaux-sans-permis\\\/\"]}]},{\"@type\":\"ImageObject\",\"inLanguage\":\"de\",\"@id\":\"https:\\\/\\\/www.lescanalous.com\\\/nos-bateaux-sans-permis\\\/#primaryimage\",\"url\":\"https:\\\/\\\/cdn.lescanalous.com\\\/uploads\\\/2018\\\/02\\\/bateaux.jpg\",\"contentUrl\":\"https:\\\/\\\/cdn.lescanalous.com\\\/uploads\\\/2018\\\/02\\\/bateaux.jpg\",\"width\":1900,\"height\":1267},{\"@type\":\"BreadcrumbList\",\"@id\":\"https:\\\/\\\/www.lescanalous.com\\\/nos-bateaux-sans-permis\\\/#breadcrumb\",\"itemListElement\":[{\"@type\":\"ListItem\",\"position\":1,\"name\":\"Accueil\",\"item\":\"https:\\\/\\\/www.lescanalous.com\\\/de\\\/\"},{\"@type\":\"ListItem\",\"position\":2,\"name\":\"Ihr Boot\",\"item\":\"https:\\\/\\\/www.lescanalous.com\\\/nos-bateaux-sans-permis\\\/\"}]},{\"@type\":\"WebSite\",\"@id\":\"https:\\\/\\\/www.lescanalous.com\\\/#website\",\"url\":\"https:\\\/\\\/www.lescanalous.com\\\/\",\"name\":\"Les Canalous\",\"description\":\"Partez \u00e0 l&#039;aventure ! Location de bateaux sans permis, croisi\u00e8res fluviales.\",\"publisher\":{\"@id\":\"https:\\\/\\\/www.lescanalous.com\\\/#organization\"},\"potentialAction\":[{\"@type\":\"SearchAction\",\"target\":{\"@type\":\"EntryPoint\",\"urlTemplate\":\"https:\\\/\\\/www.lescanalous.com\\\/?s={search_term_string}\"},\"query-input\":{\"@type\":\"PropertyValueSpecification\",\"valueRequired\":true,\"valueName\":\"search_term_string\"}}],\"inLanguage\":\"de\"},{\"@type\":\"Organization\",\"@id\":\"https:\\\/\\\/www.lescanalous.com\\\/#organization\",\"name\":\"Les Canalous\",\"url\":\"https:\\\/\\\/www.lescanalous.com\\\/\",\"logo\":{\"@type\":\"ImageObject\",\"inLanguage\":\"de\",\"@id\":\"https:\\\/\\\/www.lescanalous.com\\\/#\\\/schema\\\/logo\\\/image\\\/\",\"url\":\"https:\\\/\\\/cdn.lescanalous.com\\\/uploads\\\/2025\\\/04\\\/logo-canalous-blanc-sur-bleu.svg\",\"contentUrl\":\"https:\\\/\\\/cdn.lescanalous.com\\\/uploads\\\/2025\\\/04\\\/logo-canalous-blanc-sur-bleu.svg\",\"width\":753,\"height\":119,\"caption\":\"Les Canalous\"},\"image\":{\"@id\":\"https:\\\/\\\/www.lescanalous.com\\\/#\\\/schema\\\/logo\\\/image\\\/\"},\"sameAs\":[\"https:\\\/\\\/www.facebook.com\\\/lescanalous\\\/\",\"https:\\\/\\\/x.com\\\/lescanalous\",\"https:\\\/\\\/www.instagram.com\\\/lescanalous\\\/\"]}]}<\/script>\n<!-- \/ Yoast SEO plugin. -->","yoast_head_json":{"title":"Vermietung von f\u00fchrerscheinfreien Binnenschiffen und Hausbooten","description":"Entdecken Sie die Hausbootvermietung ohne F\u00fchrerschein, um die sch\u00f6nsten Hausbootferien mit der Familie oder mit Freunden zu verbringen.","robots":{"index":"index","follow":"follow","max-snippet":"max-snippet:-1","max-image-preview":"max-image-preview:large","max-video-preview":"max-video-preview:-1"},"canonical":"https:\/\/www.lescanalous.com\/nos-bateaux-sans-permis\/","og_locale":"de_DE","og_type":"article","og_title":"Vermietung von f\u00fchrerscheinfreien Binnenschiffen und Hausbooten","og_description":"Entdecken Sie die Hausbootvermietung ohne F\u00fchrerschein, um die sch\u00f6nsten Hausbootferien mit der Familie oder mit Freunden zu verbringen.","og_url":"https:\/\/www.lescanalous.com\/nos-bateaux-sans-permis\/","og_site_name":"Les Canalous","article_publisher":"https:\/\/www.facebook.com\/lescanalous\/","article_modified_time":"2025-11-03T13:29:18+00:00","og_image":[{"width":1900,"height":1267,"url":"https:\/\/cdn.lescanalous.com\/uploads\/2018\/02\/bateaux.jpg","type":"image\/jpeg"}],"twitter_card":"summary_large_image","twitter_site":"@lescanalous","twitter_misc":{"Gesch\u00e4tzte Lesezeit":"1\u00a0Minute"},"schema":{"@context":"https:\/\/schema.org","@graph":[{"@type":"WebPage","@id":"https:\/\/www.lescanalous.com\/nos-bateaux-sans-permis\/","url":"https:\/\/www.lescanalous.com\/nos-bateaux-sans-permis\/","name":"Vermietung von f\u00fchrerscheinfreien Binnenschiffen und Hausbooten","isPartOf":{"@id":"https:\/\/www.lescanalous.com\/#website"},"primaryImageOfPage":{"@id":"https:\/\/www.lescanalous.com\/nos-bateaux-sans-permis\/#primaryimage"},"image":{"@id":"https:\/\/www.lescanalous.com\/nos-bateaux-sans-permis\/#primaryimage"},"thumbnailUrl":"https:\/\/cdn.lescanalous.com\/uploads\/2018\/02\/bateaux.jpg","datePublished":"2018-01-23T09:26:35+00:00","dateModified":"2025-11-03T13:29:18+00:00","description":"Entdecken Sie die Hausbootvermietung ohne F\u00fchrerschein, um die sch\u00f6nsten Hausbootferien mit der Familie oder mit Freunden zu verbringen.","breadcrumb":{"@id":"https:\/\/www.lescanalous.com\/nos-bateaux-sans-permis\/#breadcrumb"},"inLanguage":"de","potentialAction":[{"@type":"ReadAction","target":["https:\/\/www.lescanalous.com\/nos-bateaux-sans-permis\/"]}]},{"@type":"ImageObject","inLanguage":"de","@id":"https:\/\/www.lescanalous.com\/nos-bateaux-sans-permis\/#primaryimage","url":"https:\/\/cdn.lescanalous.com\/uploads\/2018\/02\/bateaux.jpg","contentUrl":"https:\/\/cdn.lescanalous.com\/uploads\/2018\/02\/bateaux.jpg","width":1900,"height":1267},{"@type":"BreadcrumbList","@id":"https:\/\/www.lescanalous.com\/nos-bateaux-sans-permis\/#breadcrumb","itemListElement":[{"@type":"ListItem","position":1,"name":"Accueil","item":"https:\/\/www.lescanalous.com\/de\/"},{"@type":"ListItem","position":2,"name":"Ihr Boot","item":"https:\/\/www.lescanalous.com\/nos-bateaux-sans-permis\/"}]},{"@type":"WebSite","@id":"https:\/\/www.lescanalous.com\/#website","url":"https:\/\/www.lescanalous.com\/","name":"Les Canalous","description":"Partez \u00e0 l&#039;aventure ! Location de bateaux sans permis, croisi\u00e8res fluviales.","publisher":{"@id":"https:\/\/www.lescanalous.com\/#organization"},"potentialAction":[{"@type":"SearchAction","target":{"@type":"EntryPoint","urlTemplate":"https:\/\/www.lescanalous.com\/?s={search_term_string}"},"query-input":{"@type":"PropertyValueSpecification","valueRequired":true,"valueName":"search_term_string"}}],"inLanguage":"de"},{"@type":"Organization","@id":"https:\/\/www.lescanalous.com\/#organization","name":"Les Canalous","url":"https:\/\/www.lescanalous.com\/","logo":{"@type":"ImageObject","inLanguage":"de","@id":"https:\/\/www.lescanalous.com\/#\/schema\/logo\/image\/","url":"https:\/\/cdn.lescanalous.com\/uploads\/2025\/04\/logo-canalous-blanc-sur-bleu.svg","contentUrl":"https:\/\/cdn.lescanalous.com\/uploads\/2025\/04\/logo-canalous-blanc-sur-bleu.svg","width":753,"height":119,"caption":"Les Canalous"},"image":{"@id":"https:\/\/www.lescanalous.com\/#\/schema\/logo\/image\/"},"sameAs":["https:\/\/www.facebook.com\/lescanalous\/","https:\/\/x.com\/lescanalous","https:\/\/www.instagram.com\/lescanalous\/"]}]}},"_links":{"self":[{"href":"https:\/\/www.lescanalous.com\/de\/wp-json\/wp\/v2\/pages\/3662","targetHints":{"allow":["GET"]}}],"collection":[{"href":"https:\/\/www.lescanalous.com\/de\/wp-json\/wp\/v2\/pages"}],"about":[{"href":"https:\/\/www.lescanalous.com\/de\/wp-json\/wp\/v2\/types\/page"}],"author":[{"embeddable":true,"href":"https:\/\/www.lescanalous.com\/de\/wp-json\/wp\/v2\/users\/3"}],"replies":[{"embeddable":true,"href":"https:\/\/www.lescanalous.com\/de\/wp-json\/wp\/v2\/comments?post=3662"}],"version-history":[{"count":32,"href":"https:\/\/www.lescanalous.com\/de\/wp-json\/wp\/v2\/pages\/3662\/revisions"}],"predecessor-version":[{"id":48192,"href":"https:\/\/www.lescanalous.com\/de\/wp-json\/wp\/v2\/pages\/3662\/revisions\/48192"}],"wp:featuredmedia":[{"embeddable":true,"href":"https:\/\/www.lescanalous.com\/de\/wp-json\/wp\/v2\/media\/320"}],"wp:attachment":[{"href":"https:\/\/www.lescanalous.com\/de\/wp-json\/wp\/v2\/media?parent=3662"}],"curies":[{"name":"wp","href":"https:\/\/api.w.org\/{rel}","templated":true}]}}