{"id":3675,"date":"2018-01-23T16:17:23","date_gmt":"2018-01-23T15:17:23","guid":{"rendered":"https:\/\/www.lescanalous.com\/devis-reponse-sous-24h\/"},"modified":"2026-04-09T12:39:12","modified_gmt":"2026-04-09T10:39:12","slug":"angebot-antwort-in-24-stunden","status":"publish","type":"page","link":"https:\/\/www.lescanalous.com\/de\/angebot-antwort-in-24-stunden\/","title":{"rendered":"Angebot (Antwort in 24 Stunden)"},"content":{"rendered":"\t\t<div data-elementor-type=\"wp-post\" data-elementor-id=\"3675\" class=\"elementor elementor-3675 elementor-109\" data-elementor-post-type=\"page\">\n\t\t\t\t\t\t<section class=\"elementor-section elementor-top-section elementor-element elementor-element-5c81e204 elementor-section-boxed elementor-section-height-default elementor-section-height-default\" data-id=\"5c81e204\" data-element_type=\"section\" data-e-type=\"section\">\n\t\t\t\t\t\t<div class=\"elementor-container elementor-column-gap-default\">\n\t\t\t\t\t<div class=\"elementor-column elementor-col-50 elementor-top-column elementor-element elementor-element-1fbd3bcc\" data-id=\"1fbd3bcc\" data-element_type=\"column\" data-e-type=\"column\">\n\t\t\t<div class=\"elementor-widget-wrap elementor-element-populated\">\n\t\t\t\t\t\t<div class=\"elementor-element elementor-element-dd33775 elementor-widget__width-initial elementor-widget elementor-widget-html\" data-id=\"dd33775\" data-element_type=\"widget\" data-e-type=\"widget\" data-widget_type=\"html.default\">\n\t\t\t\t<div class=\"elementor-widget-container\">\n\t\t\t\t\t<script src=\"https:\/\/js-eu1.hsforms.net\/forms\/embed\/developer\/26490503.js\" defer><\/script>\n<div class=\"hs-form-html\" data-region=\"eu1\" data-form-id=\"a2d63a86-868b-42aa-8263-17a091305adf\" data-portal-id=\"26490503\"><\/div>\t\t\t\t<\/div>\n\t\t\t\t<\/div>\n\t\t\t\t\t<\/div>\n\t\t<\/div>\n\t\t\t\t<div class=\"elementor-column elementor-col-50 elementor-top-column elementor-element elementor-element-4187a1c\" data-id=\"4187a1c\" data-element_type=\"column\" data-e-type=\"column\">\n\t\t\t<div class=\"elementor-widget-wrap elementor-element-populated\">\n\t\t\t\t\t\t<div class=\"elementor-element elementor-element-a095e68 elementor-widget elementor-widget-text-editor\" data-id=\"a095e68\" data-element_type=\"widget\" data-e-type=\"widget\" data-widget_type=\"text-editor.default\">\n\t\t\t\t<div class=\"elementor-widget-container\">\n\t\t\t\t\t\t\t\t\t<div style=\"padding: 10px; background: #f5f5f5; font-size: 14px;\"><center><span style=\"color: #1e6495; font-size: 22px;\"><strong>Um uns zu kon\u00adtak\u00adtieren&nbsp;:<\/strong><\/span><\/center><p><span style=\"color: #000000;\"><b>Tele\u00adfon&nbsp;: <\/b><\/span><a style=\"color: #1e6495;\" href=\"tel:+49(0)6819963321\"><b>+49(0)681\/9963\u2009\u2013\u2009321<\/b><\/a><\/p><p><span style=\"color: #000000;\"><b>Von Mon\u00adtag bis Fre\u00aditag&nbsp;:<\/b><\/span><br><span style=\"color: #1e6495;\">8.30 Uhr\u2009\u2014\u200919&nbsp;Uhr<\/span><\/p><p><span style=\"color: #000000;\"><b>Sam\u00adstag und Son\u00adntag&nbsp;:<\/b><\/span><br><span style=\"color: #1e6495;\">9.30 Uhr bis 12.30 Uhr und von 13.30 Uhr bis 17.30&nbsp;Uhr<\/span><\/p><\/div>\t\t\t\t\t\t\t\t<\/div>\n\t\t\t\t<\/div>\n\t\t\t\t\t<\/div>\n\t\t<\/div>\n\t\t\t\t\t<\/div>\n\t\t<\/section>\n\t\t\t\t<section class=\"elementor-section elementor-top-section elementor-element elementor-element-531211c elementor-section-boxed elementor-section-height-default elementor-section-height-default\" data-id=\"531211c\" data-element_type=\"section\" data-e-type=\"section\">\n\t\t\t\t\t\t<div class=\"elementor-container elementor-column-gap-default\">\n\t\t\t\t\t<div class=\"elementor-column elementor-col-100 elementor-top-column elementor-element elementor-element-2cab98f\" data-id=\"2cab98f\" data-element_type=\"column\" data-e-type=\"column\">\n\t\t\t<div class=\"elementor-widget-wrap elementor-element-populated\">\n\t\t\t\t\t\t<div class=\"elementor-element elementor-element-9d6ec40 elementor-widget-divider--view-line elementor-widget elementor-widget-divider\" data-id=\"9d6ec40\" data-element_type=\"widget\" data-e-type=\"widget\" data-widget_type=\"divider.default\">\n\t\t\t\t<div class=\"elementor-widget-container\">\n\t\t\t\t\t\t\t<div class=\"elementor-divider\">\n\t\t\t<span class=\"elementor-divider-separator\">\n\t\t\t\t\t\t<\/span>\n\t\t<\/div>\n\t\t\t\t\t\t<\/div>\n\t\t\t\t<\/div>\n\t\t\t\t<div class=\"elementor-element elementor-element-46ac910 elementor-widget elementor-widget-spacer\" data-id=\"46ac910\" data-element_type=\"widget\" data-e-type=\"widget\" data-widget_type=\"spacer.default\">\n\t\t\t\t<div class=\"elementor-widget-container\">\n\t\t\t\t\t\t\t<div class=\"elementor-spacer\">\n\t\t\t<div class=\"elementor-spacer-inner\"><\/div>\n\t\t<\/div>\n\t\t\t\t\t\t<\/div>\n\t\t\t\t<\/div>\n\t\t\t\t\t<\/div>\n\t\t<\/div>\n\t\t\t\t\t<\/div>\n\t\t<\/section>\n\t\t\t\t<section class=\"elementor-section elementor-top-section elementor-element elementor-element-894c32d elementor-section-boxed elementor-section-height-default elementor-section-height-default\" data-id=\"894c32d\" data-element_type=\"section\" data-e-type=\"section\">\n\t\t\t\t\t\t<div class=\"elementor-container elementor-column-gap-default\">\n\t\t\t\t\t<div class=\"elementor-column elementor-col-100 elementor-top-column elementor-element elementor-element-11570ea\" data-id=\"11570ea\" data-element_type=\"column\" data-e-type=\"column\">\n\t\t\t<div class=\"elementor-widget-wrap elementor-element-populated\">\n\t\t\t\t\t\t<section class=\"elementor-section elementor-inner-section elementor-element elementor-element-d75e65b elementor-section-boxed elementor-section-height-default elementor-section-height-default\" data-id=\"d75e65b\" data-element_type=\"section\" data-e-type=\"section\">\n\t\t\t\t\t\t<div class=\"elementor-container elementor-column-gap-default\">\n\t\t\t\t\t<div class=\"elementor-column elementor-col-50 elementor-inner-column elementor-element elementor-element-f0ab75c\" data-id=\"f0ab75c\" data-element_type=\"column\" data-e-type=\"column\">\n\t\t\t<div class=\"elementor-widget-wrap elementor-element-populated\">\n\t\t\t\t\t\t<div class=\"elementor-element elementor-element-0341dc7 elementor-widget elementor-widget-heading\" data-id=\"0341dc7\" data-element_type=\"widget\" data-e-type=\"widget\" data-widget_type=\"heading.default\">\n\t\t\t\t<div class=\"elementor-widget-container\">\n\t\t\t\t\t<h3 class=\"elementor-heading-title elementor-size-default\">Brauchen Sie Hilfe&nbsp;? Kontaktieren Sie&nbsp;uns<\/h3>\t\t\t\t<\/div>\n\t\t\t\t<\/div>\n\t\t\t\t<div class=\"elementor-element elementor-element-64e7cac elementor-align-center elementor-widget elementor-widget-button\" data-id=\"64e7cac\" data-element_type=\"widget\" data-e-type=\"widget\" data-widget_type=\"button.default\">\n\t\t\t\t<div class=\"elementor-widget-container\">\n\t\t\t\t\t\t\t\t\t<div class=\"elementor-button-wrapper\">\n\t\t\t\t\t<a class=\"elementor-button elementor-button-link elementor-size-sm elementor-animation-grow\" href=\"https:\/\/www.lescanalous.com\/de\/kontaktformular\/\">\n\t\t\t\t\t\t<span class=\"elementor-button-content-wrapper\">\n\t\t\t\t\t\t\t\t\t<span class=\"elementor-button-text\">Kon\u00adtakt<\/span>\n\t\t\t\t\t<\/span>\n\t\t\t\t\t<\/a>\n\t\t\t\t<\/div>\n\t\t\t\t\t\t\t\t<\/div>\n\t\t\t\t<\/div>\n\t\t\t\t\t<\/div>\n\t\t<\/div>\n\t\t\t\t<div class=\"elementor-column elementor-col-50 elementor-inner-column elementor-element elementor-element-2b6931f\" data-id=\"2b6931f\" data-element_type=\"column\" data-e-type=\"column\">\n\t\t\t<div class=\"elementor-widget-wrap elementor-element-populated\">\n\t\t\t\t\t\t<div class=\"elementor-element elementor-element-7f7c73c elementor-widget elementor-widget-heading\" data-id=\"7f7c73c\" data-element_type=\"widget\" data-e-type=\"widget\" data-widget_type=\"heading.default\">\n\t\t\t\t<div class=\"elementor-widget-container\">\n\t\t\t\t\t<h3 class=\"elementor-heading-title elementor-size-default\">Zugang zu unserer Buchungsmaschine<\/h3>\t\t\t\t<\/div>\n\t\t\t\t<\/div>\n\t\t\t\t<div class=\"elementor-element elementor-element-dc92db6 elementor-align-center elementor-widget elementor-widget-button\" data-id=\"dc92db6\" data-element_type=\"widget\" data-e-type=\"widget\" data-widget_type=\"button.default\">\n\t\t\t\t<div class=\"elementor-widget-container\">\n\t\t\t\t\t\t\t\t\t<div class=\"elementor-button-wrapper\">\n\t\t\t\t\t<a class=\"elementor-button elementor-button-link elementor-size-sm elementor-animation-grow\" href=\"https:\/\/www.lescanalous.com\/de\/buchung\/\">\n\t\t\t\t\t\t<span class=\"elementor-button-content-wrapper\">\n\t\t\t\t\t\t\t\t\t<span class=\"elementor-button-text\">Buchen Sie Ihre Flusskreuzfahrt<\/span>\n\t\t\t\t\t<\/span>\n\t\t\t\t\t<\/a>\n\t\t\t\t<\/div>\n\t\t\t\t\t\t\t\t<\/div>\n\t\t\t\t<\/div>\n\t\t\t\t\t<\/div>\n\t\t<\/div>\n\t\t\t\t\t<\/div>\n\t\t<\/section>\n\t\t\t\t\t<\/div>\n\t\t<\/div>\n\t\t\t\t\t<\/div>\n\t\t<\/section>\n\t\t\t\t<\/div>\n\t\t","protected":false},"excerpt":{"rendered":"<p>Um uns zu kon\u00adtak\u00adtieren&nbsp;: Tele\u00adfon&nbsp;: +49(0)681\/9963\u2009\u2013\u2009321 Von Mon\u00adtag bis Fre\u00aditag&nbsp;:8.30 Uhr\u2009\u2014\u200919&nbsp;Uhr Sam\u00adstag und Son\u00adntag&nbsp;:9.30 Uhr bis 12.30 Uhr und von 13.30 Uhr bis 17.30&nbsp;Uhr Brauchen Sie Hil\u00adfe&nbsp;? Kon\u00adtak\u00adtieren Sie&nbsp;uns Kon\u00adtakt Zugang zu unser\u00ader Buchungs\u00admas\u00adchine Buchen Sie Ihre Flusskreuzfahrt<\/p>\n","protected":false},"author":3,"featured_media":0,"parent":0,"menu_order":111,"comment_status":"closed","ping_status":"closed","template":"","meta":{"_acf_changed":false,"inline_featured_image":false,"wp_typography_post_enhancements_disabled":false,"footnotes":""},"class_list":["post-3675","page","type-page","status-publish","hentry"],"acf":[],"yoast_head":"<!-- This site is optimized with the Yoast SEO plugin v27.3 - https:\/\/yoast.com\/product\/yoast-seo-wordpress\/ -->\n<title>Kontakt f\u00fcr eine Bootsfahrt<\/title>\n<meta name=\"description\" content=\"Sie planen einen Urlaub mit einem f\u00fchrerscheinfreien Boot? \u00dcbermitteln Sie uns Ihre Bed\u00fcrfnisse und wir werden Ihnen antworten\" \/>\n<meta name=\"robots\" content=\"index, follow, max-snippet:-1, max-image-preview:large, max-video-preview:-1\" \/>\n<link rel=\"canonical\" href=\"https:\/\/www.lescanalous.com\/devis-reponse-sous-24h\/\" \/>\n<meta property=\"og:locale\" content=\"de_DE\" \/>\n<meta property=\"og:type\" content=\"article\" \/>\n<meta property=\"og:title\" content=\"Kontakt f\u00fcr eine Bootsfahrt\" \/>\n<meta property=\"og:description\" content=\"Sie planen einen Urlaub mit einem f\u00fchrerscheinfreien Boot? \u00dcbermitteln Sie uns Ihre Bed\u00fcrfnisse und wir werden Ihnen antworten\" \/>\n<meta property=\"og:url\" content=\"https:\/\/www.lescanalous.com\/devis-reponse-sous-24h\/\" \/>\n<meta property=\"og:site_name\" content=\"Les Canalous\" \/>\n<meta property=\"article:publisher\" content=\"https:\/\/www.facebook.com\/lescanalous\/\" \/>\n<meta property=\"article:modified_time\" content=\"2026-04-09T10:39:12+00:00\" \/>\n<meta name=\"twitter:card\" content=\"summary_large_image\" \/>\n<meta name=\"twitter:site\" content=\"@lescanalous\" \/>\n<meta name=\"twitter:label1\" content=\"Gesch\u00e4tzte Lesezeit\" \/>\n\t<meta name=\"twitter:data1\" content=\"7\u00a0Minuten\" \/>\n<script type=\"application\/ld+json\" class=\"yoast-schema-graph\">{\"@context\":\"https:\\\/\\\/schema.org\",\"@graph\":[{\"@type\":\"WebPage\",\"@id\":\"https:\\\/\\\/www.lescanalous.com\\\/devis-reponse-sous-24h\\\/\",\"url\":\"https:\\\/\\\/www.lescanalous.com\\\/devis-reponse-sous-24h\\\/\",\"name\":\"Kontakt f\u00fcr eine Bootsfahrt\",\"isPartOf\":{\"@id\":\"https:\\\/\\\/www.lescanalous.com\\\/#website\"},\"datePublished\":\"2018-01-23T15:17:23+00:00\",\"dateModified\":\"2026-04-09T10:39:12+00:00\",\"description\":\"Sie planen einen Urlaub mit einem f\u00fchrerscheinfreien Boot? \u00dcbermitteln Sie uns Ihre Bed\u00fcrfnisse und wir werden Ihnen antworten\",\"breadcrumb\":{\"@id\":\"https:\\\/\\\/www.lescanalous.com\\\/devis-reponse-sous-24h\\\/#breadcrumb\"},\"inLanguage\":\"de\",\"potentialAction\":[{\"@type\":\"ReadAction\",\"target\":[\"https:\\\/\\\/www.lescanalous.com\\\/devis-reponse-sous-24h\\\/\"]}]},{\"@type\":\"BreadcrumbList\",\"@id\":\"https:\\\/\\\/www.lescanalous.com\\\/devis-reponse-sous-24h\\\/#breadcrumb\",\"itemListElement\":[{\"@type\":\"ListItem\",\"position\":1,\"name\":\"Accueil\",\"item\":\"https:\\\/\\\/www.lescanalous.com\\\/de\\\/\"},{\"@type\":\"ListItem\",\"position\":2,\"name\":\"Angebot (Antwort in 24 Stunden)\",\"item\":\"https:\\\/\\\/www.lescanalous.com\\\/devis-reponse-sous-24h\\\/\"}]},{\"@type\":\"WebSite\",\"@id\":\"https:\\\/\\\/www.lescanalous.com\\\/#website\",\"url\":\"https:\\\/\\\/www.lescanalous.com\\\/\",\"name\":\"Les Canalous\",\"description\":\"Partez \u00e0 l&#039;aventure ! Location de bateaux sans permis, croisi\u00e8res fluviales.\",\"publisher\":{\"@id\":\"https:\\\/\\\/www.lescanalous.com\\\/#organization\"},\"potentialAction\":[{\"@type\":\"SearchAction\",\"target\":{\"@type\":\"EntryPoint\",\"urlTemplate\":\"https:\\\/\\\/www.lescanalous.com\\\/?s={search_term_string}\"},\"query-input\":{\"@type\":\"PropertyValueSpecification\",\"valueRequired\":true,\"valueName\":\"search_term_string\"}}],\"inLanguage\":\"de\"},{\"@type\":\"Organization\",\"@id\":\"https:\\\/\\\/www.lescanalous.com\\\/#organization\",\"name\":\"Les Canalous\",\"url\":\"https:\\\/\\\/www.lescanalous.com\\\/\",\"logo\":{\"@type\":\"ImageObject\",\"inLanguage\":\"de\",\"@id\":\"https:\\\/\\\/www.lescanalous.com\\\/#\\\/schema\\\/logo\\\/image\\\/\",\"url\":\"https:\\\/\\\/cdn.lescanalous.com\\\/uploads\\\/2025\\\/04\\\/logo-canalous-blanc-sur-bleu.svg\",\"contentUrl\":\"https:\\\/\\\/cdn.lescanalous.com\\\/uploads\\\/2025\\\/04\\\/logo-canalous-blanc-sur-bleu.svg\",\"width\":753,\"height\":119,\"caption\":\"Les Canalous\"},\"image\":{\"@id\":\"https:\\\/\\\/www.lescanalous.com\\\/#\\\/schema\\\/logo\\\/image\\\/\"},\"sameAs\":[\"https:\\\/\\\/www.facebook.com\\\/lescanalous\\\/\",\"https:\\\/\\\/x.com\\\/lescanalous\",\"https:\\\/\\\/www.instagram.com\\\/lescanalous\\\/\"]}]}<\/script>\n<!-- \/ Yoast SEO plugin. -->","yoast_head_json":{"title":"Kontakt f\u00fcr eine Bootsfahrt","description":"Sie planen einen Urlaub mit einem f\u00fchrerscheinfreien Boot? \u00dcbermitteln Sie uns Ihre Bed\u00fcrfnisse und wir werden Ihnen antworten","robots":{"index":"index","follow":"follow","max-snippet":"max-snippet:-1","max-image-preview":"max-image-preview:large","max-video-preview":"max-video-preview:-1"},"canonical":"https:\/\/www.lescanalous.com\/devis-reponse-sous-24h\/","og_locale":"de_DE","og_type":"article","og_title":"Kontakt f\u00fcr eine Bootsfahrt","og_description":"Sie planen einen Urlaub mit einem f\u00fchrerscheinfreien Boot? \u00dcbermitteln Sie uns Ihre Bed\u00fcrfnisse und wir werden Ihnen antworten","og_url":"https:\/\/www.lescanalous.com\/devis-reponse-sous-24h\/","og_site_name":"Les Canalous","article_publisher":"https:\/\/www.facebook.com\/lescanalous\/","article_modified_time":"2026-04-09T10:39:12+00:00","twitter_card":"summary_large_image","twitter_site":"@lescanalous","twitter_misc":{"Gesch\u00e4tzte Lesezeit":"7\u00a0Minuten"},"schema":{"@context":"https:\/\/schema.org","@graph":[{"@type":"WebPage","@id":"https:\/\/www.lescanalous.com\/devis-reponse-sous-24h\/","url":"https:\/\/www.lescanalous.com\/devis-reponse-sous-24h\/","name":"Kontakt f\u00fcr eine Bootsfahrt","isPartOf":{"@id":"https:\/\/www.lescanalous.com\/#website"},"datePublished":"2018-01-23T15:17:23+00:00","dateModified":"2026-04-09T10:39:12+00:00","description":"Sie planen einen Urlaub mit einem f\u00fchrerscheinfreien Boot? \u00dcbermitteln Sie uns Ihre Bed\u00fcrfnisse und wir werden Ihnen antworten","breadcrumb":{"@id":"https:\/\/www.lescanalous.com\/devis-reponse-sous-24h\/#breadcrumb"},"inLanguage":"de","potentialAction":[{"@type":"ReadAction","target":["https:\/\/www.lescanalous.com\/devis-reponse-sous-24h\/"]}]},{"@type":"BreadcrumbList","@id":"https:\/\/www.lescanalous.com\/devis-reponse-sous-24h\/#breadcrumb","itemListElement":[{"@type":"ListItem","position":1,"name":"Accueil","item":"https:\/\/www.lescanalous.com\/de\/"},{"@type":"ListItem","position":2,"name":"Angebot (Antwort in 24 Stunden)","item":"https:\/\/www.lescanalous.com\/devis-reponse-sous-24h\/"}]},{"@type":"WebSite","@id":"https:\/\/www.lescanalous.com\/#website","url":"https:\/\/www.lescanalous.com\/","name":"Les Canalous","description":"Partez \u00e0 l&#039;aventure ! Location de bateaux sans permis, croisi\u00e8res fluviales.","publisher":{"@id":"https:\/\/www.lescanalous.com\/#organization"},"potentialAction":[{"@type":"SearchAction","target":{"@type":"EntryPoint","urlTemplate":"https:\/\/www.lescanalous.com\/?s={search_term_string}"},"query-input":{"@type":"PropertyValueSpecification","valueRequired":true,"valueName":"search_term_string"}}],"inLanguage":"de"},{"@type":"Organization","@id":"https:\/\/www.lescanalous.com\/#organization","name":"Les Canalous","url":"https:\/\/www.lescanalous.com\/","logo":{"@type":"ImageObject","inLanguage":"de","@id":"https:\/\/www.lescanalous.com\/#\/schema\/logo\/image\/","url":"https:\/\/cdn.lescanalous.com\/uploads\/2025\/04\/logo-canalous-blanc-sur-bleu.svg","contentUrl":"https:\/\/cdn.lescanalous.com\/uploads\/2025\/04\/logo-canalous-blanc-sur-bleu.svg","width":753,"height":119,"caption":"Les Canalous"},"image":{"@id":"https:\/\/www.lescanalous.com\/#\/schema\/logo\/image\/"},"sameAs":["https:\/\/www.facebook.com\/lescanalous\/","https:\/\/x.com\/lescanalous","https:\/\/www.instagram.com\/lescanalous\/"]}]}},"_links":{"self":[{"href":"https:\/\/www.lescanalous.com\/de\/wp-json\/wp\/v2\/pages\/3675","targetHints":{"allow":["GET"]}}],"collection":[{"href":"https:\/\/www.lescanalous.com\/de\/wp-json\/wp\/v2\/pages"}],"about":[{"href":"https:\/\/www.lescanalous.com\/de\/wp-json\/wp\/v2\/types\/page"}],"author":[{"embeddable":true,"href":"https:\/\/www.lescanalous.com\/de\/wp-json\/wp\/v2\/users\/3"}],"replies":[{"embeddable":true,"href":"https:\/\/www.lescanalous.com\/de\/wp-json\/wp\/v2\/comments?post=3675"}],"version-history":[{"count":125,"href":"https:\/\/www.lescanalous.com\/de\/wp-json\/wp\/v2\/pages\/3675\/revisions"}],"predecessor-version":[{"id":52491,"href":"https:\/\/www.lescanalous.com\/de\/wp-json\/wp\/v2\/pages\/3675\/revisions\/52491"}],"wp:attachment":[{"href":"https:\/\/www.lescanalous.com\/de\/wp-json\/wp\/v2\/media?parent=3675"}],"curies":[{"name":"wp","href":"https:\/\/api.w.org\/{rel}","templated":true}]}}