{"id":3690,"date":"2018-01-23T16:17:23","date_gmt":"2018-01-23T15:17:23","guid":{"rendered":"https:\/\/www.lescanalous.com\/mentions-legales\/"},"modified":"2026-04-28T14:31:06","modified_gmt":"2026-04-28T12:31:06","slug":"impressum","status":"publish","type":"page","link":"https:\/\/www.lescanalous.com\/de\/impressum\/","title":{"rendered":"Impressum"},"content":{"rendered":"<h2>Les Canalous<\/h2>\n<p><strong><span class=\"caps\">SARL<\/span> mit Kap\u00adi\u00adtal 343&nbsp;680&nbsp;\u20ac<\/strong><br>\n<strong>Vertre\u00adtung&nbsp;: <\/strong>Port Cam\u00adpi\u00adonnet 71160 Digoin<br>\n<strong>N\u00b0 <span class=\"caps\">SIREN<\/span>&nbsp;:<\/strong> 392 608 238&nbsp;<span class=\"caps\">RCS<\/span>&nbsp;M\u00e2con<br>\n<strong>Umsatzs\u00adteueri\u00adden\u00adti\u00adfika\u00adtion\u00adsnum\u00admer&nbsp;:<\/strong> <span class=\"caps\">FR92392608238<\/span><\/p>\n<p><strong>Geset\u00adzlich\u00ader Vertreter&nbsp;:<\/strong><br> Alfred <span class=\"caps\">CARIGNANT<\/span> \u2013 Gesch\u00e4ftsf\u00fchrer.<br>\n<strong>\u00d6ffentlichkeit\u00adsar\u00adbeit&nbsp;:<\/strong><br> Alfred <span class=\"caps\">CARIGNANT<\/span> \u2013 Gesch\u00e4ftsf\u00fchrer.<\/p>\n<p><strong>Mail&nbsp;:<\/strong> kontakt@\u200blescanalous.\u200bde<\/p>\n<p><strong>Tele\u00adfon&nbsp;:&nbsp;<\/strong>+ 49 (0) 6&nbsp;81 \/\u200b99 63 \u2013&nbsp;321<\/p>\n<h2><span class=\"caps\">INFORMATIK<\/span> <span class=\"caps\">UND<\/span> <span class=\"caps\">DATENSCHUTZ<\/span><\/h2>\n<p>Im all\u00adge\u00admeinen k\u00f6n\u00adnen Sie unsere Web\u00adsite besuchen, ohne sich zu iden\u00adti\u00adfizieren oder per\u00ads\u00f6n\u00adliche Angaben bekan\u00adntzugeben. Wir behal\u00adten uns aber das Recht vor, in manchen F\u00e4llen nach Ihren per\u00ads\u00f6n\u00adlichen Dat\u00aden zu fra\u00adgen. Beispiel\u00adsweise um eine Reservierung durchzuf\u00fchren, oder Ihnen Post zu senden. Wir k\u00f6n\u00adnen diese Infor\u00adma\u00adtio\u00adnen ver\u00advoll\u00adst\u00e4ndi\u00adgen, um eine Transak\u00adtion abzuschliessen oder einen besseren Ser\u00advice anzu\u00adbi\u00adeten. Gem\u00e4ss Gesetz Nr. 78\u2009\u2013\u200917 vom 6. Jan\u00adu\u00adar 1978 \u00fcber \u00ab&nbsp;Infor\u00admatik und Daten\u00adschutz&nbsp;\u00bb unter\u00adliegt dieser Web\u00adsite ein\u00ader Dekla\u00adra\u00adtion beim <span class=\"caps\">CNIL<\/span> unter der Num\u00admer Recht auf jed\u00aderzeit\u00adi\u00adgen Wider\u00adruf&nbsp;: gem\u00e4ss Artikel 34 des franz\u00f6\u00adsis\u00adchen Daten\u00adschutzge\u00adset\u00adzes hat der Benutzer das Recht, \u00c4nderun\u00adgen, Verbesserun\u00adgen sein\u00ader Dat\u00aden oder gar jegliche Nutzung sein\u00ader per\u00adso\u00adn\u00aden\u00adbzo\u00adge\u00adnen Dat\u00aden zu wider\u00adrufen. Dazu muss der Benutzer dem \u00d6ffentlichkeitsver\u00adant\u00adwortlichen entwed\u00ader ein Schreiben an die Anschrift von <span class=\"caps\">FRANCE<\/span> <span class=\"caps\">PASSION<\/span> <span class=\"caps\">PLAISANCE<\/span> oder aber ein e\u2011mail an kontakt@\u200blescanalous.\u200bde. Diese E\u2011Mail Adresse ist gegen Spam Bots gesch\u00fctzt, Sie m\u00fcssen Javascript aktivieren, damit Sie es sehen k\u00f6n\u00adnen senden.<\/p>\n<h2><span class=\"caps\">NUTZUNGSRECHT<\/span><\/h2>\n<p>Nach franz\u00f6\u00adsis\u00adchem Recht \u00fcber intellek\u00adtuellem Eigen\u00adtum und all\u00adge\u00admein\u00ader in den inter\u00adna\u00adtionalen Vere\u00adin\u00adbarun\u00adgen und Vertr\u00e4\u00adgen \u00fcber den Daten\u00adschutz und die Nutzungs\u00adbe\u00addin\u00adgun\u00adgen, verpflichtet sich der Benutzer, Teile der Web\u00adseit\u00aden nur zu rein pri\u00advat\u00aden Zweck\u00aden zu nutzen und sie nicht in egal welch\u00ader Form g\u00e4n\u00adzlich oder teil\u00adweise zu verkaufen, verteilen, ver\u00f6f\u00adfentlichen, \u00e4ndern. Alle Dat\u00aden, Infor\u00adma\u00adtio\u00adnen oder Orag\u00adni\u00adsa\u00adtion des Web\u00adsites ohne vorheriger schriftlich\u00ader Zus\u00adtim\u00admung von Les Canalous wer\u00adden strafrechtlich\u00adlaut Artikel <span class=\"caps\">L335<\/span>\u20112 ver\u00adfol\u00adgt. Die Repro\u00adduk\u00adtion des Logos Les Canalous ist eben\u00adfalls ver\u00adboten (Artikel L.719\u2009\u2013\u20092 des genan\u00adnten Gesetzbuches).<\/p>\n<h2><span class=\"caps\">HAFTUNGEN<\/span><\/h2>\n<p>Alle Dat\u00aden, die \u00fcber diesen Web\u00adsite erre\u00adich\u00adbar sind, wer\u00adden ohne jegliche \u00c4nderung aufgenom\u00admen. Les Canalous gibt keine Garantie und \u00fcbern\u00adimmt keine Haf\u00adtung f\u00fcr die Ver\u00adwen\u00addung dieser Dat\u00aden. Les Canalous beh\u00e4lt sich das Recht vor, zu jedem Zeit\u00adpunkt, ins\u00adbeson\u00addere bei Aktu\u00adal\u00adisierung des Web\u00adsitess, diese Dat\u00aden zu \u00e4ndern. Der Benutzer verpflichtet sich, keine Infor\u00adma\u00adtio\u00adnen bekan\u00adntzugeben, die eine Hapftpflicht oder Strafrechtigkeit mit sich f\u00fchren und ille\u00adgale Infor\u00adma\u00adtio\u00adnen, die der \u00d6ffentlichen Ord\u00adnung schaden k\u00f6n\u00adnen auszuschliessen. Les Canalous Haftet nicht f\u00fcr die Anwen\u00addung und den Inhalt Drit\u00adter Web\u00adsites, die einen Hyper\u00adlink mit der vor\u00adliegen\u00adden Web\u00adsite aufweisen.<\/p>\n","protected":false},"excerpt":{"rendered":"<p>Les Canalous <span class=\"caps\">SARL<\/span> mit Kap\u00adi\u00adtal 343&nbsp;680&nbsp;\u20ac Vertre\u00adtung&nbsp;: Port Cam\u00adpi\u00adonnet 71160 Digoin N\u00b0 <span class=\"caps\">SIREN<\/span>&nbsp;: 392 608 238&nbsp;<span class=\"caps\">RCS<\/span>&nbsp;M\u00e2con Umsatzs\u00adteueri\u00adden\u00adti\u00adfika\u00adtion\u00adsnum\u00admer&nbsp;: <span class=\"caps\">FR92392608238<\/span> Geset\u00adzlich\u00ader Vertreter&nbsp;: Alfred <span class=\"caps\">CARIGNANT<\/span> \u2013 Gesch\u00e4fts\u00adf\u00fchrer. \u00d6ffentlichkeit\u00adsar\u00adbeit&nbsp;: Alfred <span class=\"caps\">CARIGNANT<\/span> \u2013 Gesch\u00e4fts\u00adf\u00fchrer. Mail&nbsp;: kontakt@\u200blescanalous.\u200bde Tele\u00adfon&nbsp;:&nbsp;+ 49 (0) 6&nbsp;81 \/\u200b99 63 \u2013&nbsp;321 <span class=\"caps\">INFORMATIK<\/span> <span class=\"caps\">UND<\/span> <span class=\"caps\">DATENSCHUTZ<\/span> Im all\u00adge\u00admeinen k\u00f6n\u00adnen Sie unsere Web\u00adsite besuchen, ohne sich zu iden\u00adti\u00adfizieren oder per\u00ads\u00f6n\u00adliche Angaben\u2026<\/p>\n","protected":false},"author":3,"featured_media":0,"parent":0,"menu_order":117,"comment_status":"closed","ping_status":"closed","template":"","meta":{"_acf_changed":false,"inline_featured_image":false,"wp_typography_post_enhancements_disabled":false,"footnotes":""},"class_list":["post-3690","page","type-page","status-publish","hentry"],"acf":[],"yoast_head":"<!-- This site is optimized with the Yoast SEO plugin v27.3 - https:\/\/yoast.com\/product\/yoast-seo-wordpress\/ -->\n<title>Rechtliche Hinweise zur Website<\/title>\n<meta name=\"description\" content=\"Rechtliche Hinweise zur Canalous-Website\" \/>\n<meta name=\"robots\" content=\"index, follow, max-snippet:-1, max-image-preview:large, max-video-preview:-1\" \/>\n<link rel=\"canonical\" href=\"http:\/\/www.hausbootferien.net\/divers\/aus-flusstourismus-spezialisierte-agentur-in-frankreich-und-europa\" \/>\n<meta property=\"og:locale\" content=\"de_DE\" \/>\n<meta property=\"og:type\" content=\"article\" \/>\n<meta property=\"og:title\" content=\"Rechtliche Hinweise zur Website\" \/>\n<meta property=\"og:description\" content=\"Rechtliche Hinweise zur Canalous-Website\" \/>\n<meta property=\"og:url\" content=\"http:\/\/www.hausbootferien.net\/divers\/aus-flusstourismus-spezialisierte-agentur-in-frankreich-und-europa\" \/>\n<meta property=\"og:site_name\" content=\"Les Canalous\" \/>\n<meta property=\"article:publisher\" content=\"https:\/\/www.facebook.com\/lescanalous\/\" \/>\n<meta property=\"article:modified_time\" content=\"2026-04-28T12:31:06+00:00\" \/>\n<meta name=\"twitter:card\" content=\"summary_large_image\" \/>\n<meta name=\"twitter:site\" content=\"@lescanalous\" \/>\n<meta name=\"twitter:label1\" content=\"Gesch\u00e4tzte Lesezeit\" \/>\n\t<meta name=\"twitter:data1\" content=\"2\u00a0Minuten\" \/>\n<script type=\"application\/ld+json\" class=\"yoast-schema-graph\">{\"@context\":\"https:\\\/\\\/schema.org\",\"@graph\":[{\"@type\":\"WebPage\",\"@id\":\"https:\\\/\\\/www.lescanalous.com\\\/de\\\/impressum\\\/\",\"url\":\"http:\\\/\\\/www.hausbootferien.net\\\/divers\\\/aus-flusstourismus-spezialisierte-agentur-in-frankreich-und-europa\",\"name\":\"Rechtliche Hinweise zur Website\",\"isPartOf\":{\"@id\":\"https:\\\/\\\/www.lescanalous.com\\\/#website\"},\"datePublished\":\"2018-01-23T15:17:23+00:00\",\"dateModified\":\"2026-04-28T12:31:06+00:00\",\"description\":\"Rechtliche Hinweise zur Canalous-Website\",\"breadcrumb\":{\"@id\":\"http:\\\/\\\/www.hausbootferien.net\\\/divers\\\/aus-flusstourismus-spezialisierte-agentur-in-frankreich-und-europa#breadcrumb\"},\"inLanguage\":\"de\",\"potentialAction\":[{\"@type\":\"ReadAction\",\"target\":[\"http:\\\/\\\/www.hausbootferien.net\\\/divers\\\/aus-flusstourismus-spezialisierte-agentur-in-frankreich-und-europa\"]}]},{\"@type\":\"BreadcrumbList\",\"@id\":\"http:\\\/\\\/www.hausbootferien.net\\\/divers\\\/aus-flusstourismus-spezialisierte-agentur-in-frankreich-und-europa#breadcrumb\",\"itemListElement\":[{\"@type\":\"ListItem\",\"position\":1,\"name\":\"Accueil\",\"item\":\"https:\\\/\\\/www.lescanalous.com\\\/de\\\/\"},{\"@type\":\"ListItem\",\"position\":2,\"name\":\"Impressum\",\"item\":\"http:\\\/\\\/www.hausbootferien.net\\\/divers\\\/aus-flusstourismus-spezialisierte-agentur-in-frankreich-und-europa\"}]},{\"@type\":\"WebSite\",\"@id\":\"https:\\\/\\\/www.lescanalous.com\\\/#website\",\"url\":\"https:\\\/\\\/www.lescanalous.com\\\/\",\"name\":\"Les Canalous\",\"description\":\"Partez \u00e0 l&#039;aventure ! Location de bateaux sans permis, croisi\u00e8res fluviales.\",\"publisher\":{\"@id\":\"https:\\\/\\\/www.lescanalous.com\\\/#organization\"},\"potentialAction\":[{\"@type\":\"SearchAction\",\"target\":{\"@type\":\"EntryPoint\",\"urlTemplate\":\"https:\\\/\\\/www.lescanalous.com\\\/?s={search_term_string}\"},\"query-input\":{\"@type\":\"PropertyValueSpecification\",\"valueRequired\":true,\"valueName\":\"search_term_string\"}}],\"inLanguage\":\"de\"},{\"@type\":\"Organization\",\"@id\":\"https:\\\/\\\/www.lescanalous.com\\\/#organization\",\"name\":\"Les Canalous\",\"url\":\"https:\\\/\\\/www.lescanalous.com\\\/\",\"logo\":{\"@type\":\"ImageObject\",\"inLanguage\":\"de\",\"@id\":\"https:\\\/\\\/www.lescanalous.com\\\/#\\\/schema\\\/logo\\\/image\\\/\",\"url\":\"https:\\\/\\\/cdn.lescanalous.com\\\/uploads\\\/2025\\\/04\\\/logo-canalous-blanc-sur-bleu.svg\",\"contentUrl\":\"https:\\\/\\\/cdn.lescanalous.com\\\/uploads\\\/2025\\\/04\\\/logo-canalous-blanc-sur-bleu.svg\",\"width\":753,\"height\":119,\"caption\":\"Les Canalous\"},\"image\":{\"@id\":\"https:\\\/\\\/www.lescanalous.com\\\/#\\\/schema\\\/logo\\\/image\\\/\"},\"sameAs\":[\"https:\\\/\\\/www.facebook.com\\\/lescanalous\\\/\",\"https:\\\/\\\/x.com\\\/lescanalous\",\"https:\\\/\\\/www.instagram.com\\\/lescanalous\\\/\"]}]}<\/script>\n<!-- \/ Yoast SEO plugin. -->","yoast_head_json":{"title":"Rechtliche Hinweise zur Website","description":"Rechtliche Hinweise zur Canalous-Website","robots":{"index":"index","follow":"follow","max-snippet":"max-snippet:-1","max-image-preview":"max-image-preview:large","max-video-preview":"max-video-preview:-1"},"canonical":"http:\/\/www.hausbootferien.net\/divers\/aus-flusstourismus-spezialisierte-agentur-in-frankreich-und-europa","og_locale":"de_DE","og_type":"article","og_title":"Rechtliche Hinweise zur Website","og_description":"Rechtliche Hinweise zur Canalous-Website","og_url":"http:\/\/www.hausbootferien.net\/divers\/aus-flusstourismus-spezialisierte-agentur-in-frankreich-und-europa","og_site_name":"Les Canalous","article_publisher":"https:\/\/www.facebook.com\/lescanalous\/","article_modified_time":"2026-04-28T12:31:06+00:00","twitter_card":"summary_large_image","twitter_site":"@lescanalous","twitter_misc":{"Gesch\u00e4tzte Lesezeit":"2\u00a0Minuten"},"schema":{"@context":"https:\/\/schema.org","@graph":[{"@type":"WebPage","@id":"https:\/\/www.lescanalous.com\/de\/impressum\/","url":"http:\/\/www.hausbootferien.net\/divers\/aus-flusstourismus-spezialisierte-agentur-in-frankreich-und-europa","name":"Rechtliche Hinweise zur Website","isPartOf":{"@id":"https:\/\/www.lescanalous.com\/#website"},"datePublished":"2018-01-23T15:17:23+00:00","dateModified":"2026-04-28T12:31:06+00:00","description":"Rechtliche Hinweise zur Canalous-Website","breadcrumb":{"@id":"http:\/\/www.hausbootferien.net\/divers\/aus-flusstourismus-spezialisierte-agentur-in-frankreich-und-europa#breadcrumb"},"inLanguage":"de","potentialAction":[{"@type":"ReadAction","target":["http:\/\/www.hausbootferien.net\/divers\/aus-flusstourismus-spezialisierte-agentur-in-frankreich-und-europa"]}]},{"@type":"BreadcrumbList","@id":"http:\/\/www.hausbootferien.net\/divers\/aus-flusstourismus-spezialisierte-agentur-in-frankreich-und-europa#breadcrumb","itemListElement":[{"@type":"ListItem","position":1,"name":"Accueil","item":"https:\/\/www.lescanalous.com\/de\/"},{"@type":"ListItem","position":2,"name":"Impressum","item":"http:\/\/www.hausbootferien.net\/divers\/aus-flusstourismus-spezialisierte-agentur-in-frankreich-und-europa"}]},{"@type":"WebSite","@id":"https:\/\/www.lescanalous.com\/#website","url":"https:\/\/www.lescanalous.com\/","name":"Les Canalous","description":"Partez \u00e0 l&#039;aventure ! Location de bateaux sans permis, croisi\u00e8res fluviales.","publisher":{"@id":"https:\/\/www.lescanalous.com\/#organization"},"potentialAction":[{"@type":"SearchAction","target":{"@type":"EntryPoint","urlTemplate":"https:\/\/www.lescanalous.com\/?s={search_term_string}"},"query-input":{"@type":"PropertyValueSpecification","valueRequired":true,"valueName":"search_term_string"}}],"inLanguage":"de"},{"@type":"Organization","@id":"https:\/\/www.lescanalous.com\/#organization","name":"Les Canalous","url":"https:\/\/www.lescanalous.com\/","logo":{"@type":"ImageObject","inLanguage":"de","@id":"https:\/\/www.lescanalous.com\/#\/schema\/logo\/image\/","url":"https:\/\/cdn.lescanalous.com\/uploads\/2025\/04\/logo-canalous-blanc-sur-bleu.svg","contentUrl":"https:\/\/cdn.lescanalous.com\/uploads\/2025\/04\/logo-canalous-blanc-sur-bleu.svg","width":753,"height":119,"caption":"Les Canalous"},"image":{"@id":"https:\/\/www.lescanalous.com\/#\/schema\/logo\/image\/"},"sameAs":["https:\/\/www.facebook.com\/lescanalous\/","https:\/\/x.com\/lescanalous","https:\/\/www.instagram.com\/lescanalous\/"]}]}},"_links":{"self":[{"href":"https:\/\/www.lescanalous.com\/de\/wp-json\/wp\/v2\/pages\/3690","targetHints":{"allow":["GET"]}}],"collection":[{"href":"https:\/\/www.lescanalous.com\/de\/wp-json\/wp\/v2\/pages"}],"about":[{"href":"https:\/\/www.lescanalous.com\/de\/wp-json\/wp\/v2\/types\/page"}],"author":[{"embeddable":true,"href":"https:\/\/www.lescanalous.com\/de\/wp-json\/wp\/v2\/users\/3"}],"replies":[{"embeddable":true,"href":"https:\/\/www.lescanalous.com\/de\/wp-json\/wp\/v2\/comments?post=3690"}],"version-history":[{"count":9,"href":"https:\/\/www.lescanalous.com\/de\/wp-json\/wp\/v2\/pages\/3690\/revisions"}],"predecessor-version":[{"id":53192,"href":"https:\/\/www.lescanalous.com\/de\/wp-json\/wp\/v2\/pages\/3690\/revisions\/53192"}],"wp:attachment":[{"href":"https:\/\/www.lescanalous.com\/de\/wp-json\/wp\/v2\/media?parent=3690"}],"curies":[{"name":"wp","href":"https:\/\/api.w.org\/{rel}","templated":true}]}}