{"id":3700,"date":"2018-03-16T14:08:00","date_gmt":"2018-03-16T13:08:00","guid":{"rendered":"https:\/\/www.lescanalous.com\/acces-c-e\/"},"modified":"2025-07-21T15:05:32","modified_gmt":"2025-07-21T13:05:32","slug":"zugang-fuer-betriebsraete","status":"publish","type":"page","link":"https:\/\/www.lescanalous.com\/de\/zugang-fuer-betriebsraete\/","title":{"rendered":"Zugang f\u00fcr Betriebsr\u00e4te"},"content":{"rendered":"<p>Wenn Sie einen Betrieb\u00adsrat vertreten und Ihre Mit\u00adglieder von unseren Son\u00adderkon\u00addi\u00adtio\u00adnen f\u00fcr Betrieb\u00adsr\u00e4te prof\u00adi\u00adtieren lassen m\u00f6cht\u00aden, nehmen Sie bitte Kon\u00adtakt mit uns&nbsp;auf.<\/p>\n<center><a href=\"http:\/\/www.f2pbooking.com\/\">Zugang Betrieb\u00adsrat<\/a><\/center>\n<p><a href=\"http:\/\/www.f2pbooking.com\/\"><img decoding=\"async\" src=\"https:\/\/cdn.lescanalous.com\/uploads\/2018\/03\/f2pbooking1.jpg\"><\/a><\/p>\n\n\n<script charset=\"utf-8\" type=\"text\/javascript\" src=\"\/\/js-eu1.hsforms.net\/forms\/embed\/v2.js\"><\/script>\n<script>\n  hbspt.forms.create({\n    portalId: \"26490503\",\n    formId: \"b0dc0058-555f-4378-9b2b-423f762e7919\",\n    region: \"eu1\"\n  });\n<\/script>\n","protected":false},"excerpt":{"rendered":"<p>Wenn Sie einen Betrieb\u00adsrat vertreten und Ihre Mit\u00adglieder von unseren Son\u00adderkon\u00addi\u00adtio\u00adnen f\u00fcr Betrieb\u00adsr\u00e4te prof\u00adi\u00adtieren lassen m\u00f6cht\u00aden, nehmen Sie bitte Kon\u00adtakt mit uns&nbsp;auf. Zugang Betriebsrat<\/p>\n","protected":false},"author":7,"featured_media":0,"parent":0,"menu_order":92,"comment_status":"closed","ping_status":"closed","template":"","meta":{"_acf_changed":false,"inline_featured_image":false,"wp_typography_post_enhancements_disabled":false,"footnotes":""},"class_list":["post-3700","page","type-page","status-publish","hentry"],"acf":[],"yoast_head":"<!-- This site is optimized with the Yoast SEO plugin v27.5 - https:\/\/yoast.com\/product\/yoast-seo-wordpress\/ -->\n<title>Kreuzfahrten f\u00fcr Betriebsr\u00e4te<\/title>\n<meta name=\"description\" content=\"Betriebsr\u00e4te: Bieten Sie Ihren Mitarbeitern abwechslungsreichen Urlaub auf f\u00fchrerscheinfreien Hausbooten ab Frankreich und anderen L\u00e4ndern Europas.\" \/>\n<meta name=\"robots\" content=\"index, follow, max-snippet:-1, max-image-preview:large, max-video-preview:-1\" \/>\n<link rel=\"canonical\" href=\"https:\/\/www.lescanalous.com\/acces-c-e\/\" \/>\n<meta property=\"og:locale\" content=\"de_DE\" \/>\n<meta property=\"og:type\" content=\"article\" \/>\n<meta property=\"og:title\" content=\"Kreuzfahrten f\u00fcr Betriebsr\u00e4te\" \/>\n<meta property=\"og:description\" content=\"Betriebsr\u00e4te: Bieten Sie Ihren Mitarbeitern abwechslungsreichen Urlaub auf f\u00fchrerscheinfreien Hausbooten ab Frankreich und anderen L\u00e4ndern Europas.\" \/>\n<meta property=\"og:url\" content=\"https:\/\/www.lescanalous.com\/acces-c-e\/\" \/>\n<meta property=\"og:site_name\" content=\"Les Canalous\" \/>\n<meta property=\"article:publisher\" content=\"https:\/\/www.facebook.com\/lescanalous\/\" \/>\n<meta property=\"article:modified_time\" content=\"2025-07-21T13:05:32+00:00\" \/>\n<meta name=\"twitter:card\" content=\"summary_large_image\" \/>\n<meta name=\"twitter:site\" content=\"@lescanalous\" \/>\n<meta name=\"twitter:label1\" content=\"Gesch\u00e4tzte Lesezeit\" \/>\n\t<meta name=\"twitter:data1\" content=\"1\u00a0Minute\" \/>\n<script type=\"application\/ld+json\" class=\"yoast-schema-graph\">{\"@context\":\"https:\\\/\\\/schema.org\",\"@graph\":[{\"@type\":\"WebPage\",\"@id\":\"https:\\\/\\\/www.lescanalous.com\\\/acces-c-e\\\/\",\"url\":\"https:\\\/\\\/www.lescanalous.com\\\/acces-c-e\\\/\",\"name\":\"Kreuzfahrten f\u00fcr Betriebsr\u00e4te\",\"isPartOf\":{\"@id\":\"https:\\\/\\\/www.lescanalous.com\\\/#website\"},\"datePublished\":\"2018-03-16T13:08:00+00:00\",\"dateModified\":\"2025-07-21T13:05:32+00:00\",\"description\":\"Betriebsr\u00e4te: Bieten Sie Ihren Mitarbeitern abwechslungsreichen Urlaub auf f\u00fchrerscheinfreien Hausbooten ab Frankreich und anderen L\u00e4ndern Europas.\",\"breadcrumb\":{\"@id\":\"https:\\\/\\\/www.lescanalous.com\\\/acces-c-e\\\/#breadcrumb\"},\"inLanguage\":\"de\",\"potentialAction\":[{\"@type\":\"ReadAction\",\"target\":[\"https:\\\/\\\/www.lescanalous.com\\\/acces-c-e\\\/\"]}]},{\"@type\":\"BreadcrumbList\",\"@id\":\"https:\\\/\\\/www.lescanalous.com\\\/acces-c-e\\\/#breadcrumb\",\"itemListElement\":[{\"@type\":\"ListItem\",\"position\":1,\"name\":\"Accueil\",\"item\":\"https:\\\/\\\/www.lescanalous.com\\\/de\\\/\"},{\"@type\":\"ListItem\",\"position\":2,\"name\":\"Zugang f\u00fcr Betriebsr\u00e4te\",\"item\":\"https:\\\/\\\/www.lescanalous.com\\\/acces-c-e\\\/\"}]},{\"@type\":\"WebSite\",\"@id\":\"https:\\\/\\\/www.lescanalous.com\\\/#website\",\"url\":\"https:\\\/\\\/www.lescanalous.com\\\/\",\"name\":\"Les Canalous\",\"description\":\"Partez \u00e0 l&#039;aventure ! Location de bateaux sans permis, croisi\u00e8res fluviales.\",\"publisher\":{\"@id\":\"https:\\\/\\\/www.lescanalous.com\\\/#organization\"},\"potentialAction\":[{\"@type\":\"SearchAction\",\"target\":{\"@type\":\"EntryPoint\",\"urlTemplate\":\"https:\\\/\\\/www.lescanalous.com\\\/?s={search_term_string}\"},\"query-input\":{\"@type\":\"PropertyValueSpecification\",\"valueRequired\":true,\"valueName\":\"search_term_string\"}}],\"inLanguage\":\"de\"},{\"@type\":\"Organization\",\"@id\":\"https:\\\/\\\/www.lescanalous.com\\\/#organization\",\"name\":\"Les Canalous\",\"url\":\"https:\\\/\\\/www.lescanalous.com\\\/\",\"logo\":{\"@type\":\"ImageObject\",\"inLanguage\":\"de\",\"@id\":\"https:\\\/\\\/www.lescanalous.com\\\/#\\\/schema\\\/logo\\\/image\\\/\",\"url\":\"https:\\\/\\\/cdn.lescanalous.com\\\/uploads\\\/2025\\\/04\\\/logo-canalous-blanc-sur-bleu.svg\",\"contentUrl\":\"https:\\\/\\\/cdn.lescanalous.com\\\/uploads\\\/2025\\\/04\\\/logo-canalous-blanc-sur-bleu.svg\",\"width\":753,\"height\":119,\"caption\":\"Les Canalous\"},\"image\":{\"@id\":\"https:\\\/\\\/www.lescanalous.com\\\/#\\\/schema\\\/logo\\\/image\\\/\"},\"sameAs\":[\"https:\\\/\\\/www.facebook.com\\\/lescanalous\\\/\",\"https:\\\/\\\/x.com\\\/lescanalous\",\"https:\\\/\\\/www.instagram.com\\\/lescanalous\\\/\"]}]}<\/script>\n<!-- \/ Yoast SEO plugin. -->","yoast_head_json":{"title":"Kreuzfahrten f\u00fcr Betriebsr\u00e4te","description":"Betriebsr\u00e4te: Bieten Sie Ihren Mitarbeitern abwechslungsreichen Urlaub auf f\u00fchrerscheinfreien Hausbooten ab Frankreich und anderen L\u00e4ndern Europas.","robots":{"index":"index","follow":"follow","max-snippet":"max-snippet:-1","max-image-preview":"max-image-preview:large","max-video-preview":"max-video-preview:-1"},"canonical":"https:\/\/www.lescanalous.com\/acces-c-e\/","og_locale":"de_DE","og_type":"article","og_title":"Kreuzfahrten f\u00fcr Betriebsr\u00e4te","og_description":"Betriebsr\u00e4te: Bieten Sie Ihren Mitarbeitern abwechslungsreichen Urlaub auf f\u00fchrerscheinfreien Hausbooten ab Frankreich und anderen L\u00e4ndern Europas.","og_url":"https:\/\/www.lescanalous.com\/acces-c-e\/","og_site_name":"Les Canalous","article_publisher":"https:\/\/www.facebook.com\/lescanalous\/","article_modified_time":"2025-07-21T13:05:32+00:00","twitter_card":"summary_large_image","twitter_site":"@lescanalous","twitter_misc":{"Gesch\u00e4tzte Lesezeit":"1\u00a0Minute"},"schema":{"@context":"https:\/\/schema.org","@graph":[{"@type":"WebPage","@id":"https:\/\/www.lescanalous.com\/acces-c-e\/","url":"https:\/\/www.lescanalous.com\/acces-c-e\/","name":"Kreuzfahrten f\u00fcr Betriebsr\u00e4te","isPartOf":{"@id":"https:\/\/www.lescanalous.com\/#website"},"datePublished":"2018-03-16T13:08:00+00:00","dateModified":"2025-07-21T13:05:32+00:00","description":"Betriebsr\u00e4te: Bieten Sie Ihren Mitarbeitern abwechslungsreichen Urlaub auf f\u00fchrerscheinfreien Hausbooten ab Frankreich und anderen L\u00e4ndern Europas.","breadcrumb":{"@id":"https:\/\/www.lescanalous.com\/acces-c-e\/#breadcrumb"},"inLanguage":"de","potentialAction":[{"@type":"ReadAction","target":["https:\/\/www.lescanalous.com\/acces-c-e\/"]}]},{"@type":"BreadcrumbList","@id":"https:\/\/www.lescanalous.com\/acces-c-e\/#breadcrumb","itemListElement":[{"@type":"ListItem","position":1,"name":"Accueil","item":"https:\/\/www.lescanalous.com\/de\/"},{"@type":"ListItem","position":2,"name":"Zugang f\u00fcr Betriebsr\u00e4te","item":"https:\/\/www.lescanalous.com\/acces-c-e\/"}]},{"@type":"WebSite","@id":"https:\/\/www.lescanalous.com\/#website","url":"https:\/\/www.lescanalous.com\/","name":"Les Canalous","description":"Partez \u00e0 l&#039;aventure ! Location de bateaux sans permis, croisi\u00e8res fluviales.","publisher":{"@id":"https:\/\/www.lescanalous.com\/#organization"},"potentialAction":[{"@type":"SearchAction","target":{"@type":"EntryPoint","urlTemplate":"https:\/\/www.lescanalous.com\/?s={search_term_string}"},"query-input":{"@type":"PropertyValueSpecification","valueRequired":true,"valueName":"search_term_string"}}],"inLanguage":"de"},{"@type":"Organization","@id":"https:\/\/www.lescanalous.com\/#organization","name":"Les Canalous","url":"https:\/\/www.lescanalous.com\/","logo":{"@type":"ImageObject","inLanguage":"de","@id":"https:\/\/www.lescanalous.com\/#\/schema\/logo\/image\/","url":"https:\/\/cdn.lescanalous.com\/uploads\/2025\/04\/logo-canalous-blanc-sur-bleu.svg","contentUrl":"https:\/\/cdn.lescanalous.com\/uploads\/2025\/04\/logo-canalous-blanc-sur-bleu.svg","width":753,"height":119,"caption":"Les Canalous"},"image":{"@id":"https:\/\/www.lescanalous.com\/#\/schema\/logo\/image\/"},"sameAs":["https:\/\/www.facebook.com\/lescanalous\/","https:\/\/x.com\/lescanalous","https:\/\/www.instagram.com\/lescanalous\/"]}]}},"_links":{"self":[{"href":"https:\/\/www.lescanalous.com\/de\/wp-json\/wp\/v2\/pages\/3700","targetHints":{"allow":["GET"]}}],"collection":[{"href":"https:\/\/www.lescanalous.com\/de\/wp-json\/wp\/v2\/pages"}],"about":[{"href":"https:\/\/www.lescanalous.com\/de\/wp-json\/wp\/v2\/types\/page"}],"author":[{"embeddable":true,"href":"https:\/\/www.lescanalous.com\/de\/wp-json\/wp\/v2\/users\/7"}],"replies":[{"embeddable":true,"href":"https:\/\/www.lescanalous.com\/de\/wp-json\/wp\/v2\/comments?post=3700"}],"version-history":[{"count":7,"href":"https:\/\/www.lescanalous.com\/de\/wp-json\/wp\/v2\/pages\/3700\/revisions"}],"predecessor-version":[{"id":46593,"href":"https:\/\/www.lescanalous.com\/de\/wp-json\/wp\/v2\/pages\/3700\/revisions\/46593"}],"wp:attachment":[{"href":"https:\/\/www.lescanalous.com\/de\/wp-json\/wp\/v2\/media?parent=3700"}],"curies":[{"name":"wp","href":"https:\/\/api.w.org\/{rel}","templated":true}]}}