{"id":3706,"date":"2018-01-23T18:22:03","date_gmt":"2018-01-23T17:22:03","guid":{"rendered":"https:\/\/www.lescanalous.com\/accueil\/"},"modified":"2026-05-12T10:47:47","modified_gmt":"2026-05-12T08:47:47","slug":"accueil-2","status":"publish","type":"page","link":"https:\/\/www.lescanalous.com\/de\/","title":{"rendered":"Home"},"content":{"rendered":"\t\t<div data-elementor-type=\"wp-post\" data-elementor-id=\"3706\" class=\"elementor elementor-3706 elementor-154\" data-elementor-post-type=\"page\">\n\t\t\t\t\t\t<section class=\"elementor-section elementor-top-section elementor-element elementor-element-b8163c0 elementor-section-boxed elementor-section-height-default elementor-section-height-default\" data-id=\"b8163c0\" data-element_type=\"section\" data-e-type=\"section\">\n\t\t\t\t\t\t<div class=\"elementor-container elementor-column-gap-default\">\n\t\t\t\t\t<div class=\"elementor-column elementor-col-100 elementor-top-column elementor-element elementor-element-9e75de4\" data-id=\"9e75de4\" data-element_type=\"column\" data-e-type=\"column\">\n\t\t\t<div class=\"elementor-widget-wrap elementor-element-populated\">\n\t\t\t\t\t\t<div class=\"elementor-element elementor-element-a974aa7 elementor-widget elementor-widget-text-editor\" data-id=\"a974aa7\" data-element_type=\"widget\" data-e-type=\"widget\" data-widget_type=\"text-editor.default\">\n\t\t\t\t<div class=\"elementor-widget-container\">\n\t\t\t\t\t\t\t\t\t<h2><span lang=\"de-DE\" style=\"color: #000000;\">Willkommen auf der Homepage von Les Canalous, dem Spezialisten f\u00fcr Hausbootferien<\/span><\/h2><p><span lang=\"de-DE\"><span style=\"color: #004677;\"><a style=\"color: #004677;\" href=\"https:\/\/www.lescanalous.com\/de\/wer-sind-wir\/\" target=\"_blank\" rel=\"noopener\">Unser Aben\u00adteuer begann Anfang der 80er Jahre<\/a><\/span> <span style=\"color: #000000;\">im Bur\u00adgund. Seit nun\u00admehr fast 40 Jahren sind wir f\u00fcr Sie da, um Ihnen den Charme der Flusskreuz\u00adfahrt bekan\u00adnt zu machen und diese Urlaub\u00ads\u00adform einem bre\u00adit\u00aden Pub\u00adlikum zu erm\u00f6glichen. Im Laufe der Jahre erweit\u00aderten wir unsere Reviere mit immer neuen Basen, um Sie auf allen Wasser\u00adwe\u00adgen Frankre\u00adichs und Europas willkom\u00admen zu hei\u00dfen.<\/span><span style=\"color: #000000;\">&nbsp;Und damit Ihr Urlaub f\u00fcr Sie ein pures Vergn\u00fc\u00adgen wird, bieten wir eine <span style=\"color: #004677;\"><a style=\"color: #004677;\" href=\"https:\/\/www.lescanalous.com\/de\/ihr-boot\/\">Haus\u00adboot-Flotte<\/a><\/span>&nbsp;f\u00fcr alle Anspr\u00fcche an, die keine W\u00fcn\u00adsche offen l\u00e4sst. Bei unserem Ange\u00adbot, da\u00df vom Luxus-Kom\u00adfort bis zum f\u00fchrersche\u00adin\u00adfreien, erschwinglichen Stan\u00addard\u00adboot reicht, wer\u00adden Sie bes\u00adtimmt f\u00fcndig. Damit Sie beruhigt navigieren k\u00f6n\u00adnen, wer\u00adden Sie zuerst von unseren Tech\u00adnikern kurz aus\u00adge\u00adbildet. Da kommt doch sofort Vor\u00adfreude auf f\u00fcr Ihren n\u00e4ch\u00adsten Urlaub&nbsp;!<\/span><\/span><\/p><h2><span lang=\"de-DE\" style=\"color: #000000;\">Hausbootferien, die etwas andere Art des Reisens<\/span><\/h2><p><span lang=\"de-DE\"><span style=\"color: #000000;\">Mit ein\u00ader Flusskreuz\u00adfahrt er\u00f6ff\u00adnen sich Ihnen v\u00f6l\u00adlig neue Per\u00adspek\u00adtiv\u00aden und die Garantie, einen unvergesslichen Urlaub zu ver\u00adbrin\u00adgen. Sie wer\u00adden die <b>k\u00f6stlichen Stun\u00adden des Farniente an Deck lieben<\/b>, eben\u00adso wie das unver\u00adgle\u00adich\u00adliche Erleb\u00adnis, Schleusen oder Tun\u00adnel zu passieren.&nbsp;Die Lieblichkeit der Flus\u00adsland\u00adschaft wird zur inspiri\u00aderen\u00adden Kulisse Ihres Lebens an<\/span>&nbsp;<a href=\"\/activite\/sehenswuerdigkeiten-und-kultur-aus-der-hausbootperspektive\/\"><span style=\"color: #004677;\">Bord<\/span><\/a> <span style=\"color: #000000;\">und Sie haben jed\u00aderzeit, ganz nach Lust und Laune Ihrer Besatzung, die M\u00f6glichkeit eines Landganges&nbsp;: <b>Eine Fahrrad\u00adtour ent\u00adlang der Leinpfade<\/b> oder ein Spazier\u00adgang \u00fcber die ver\u00adlock\u00adenden d\u00f6r\u00adflichen Wochen\u00adm\u00e4rk\u00adte der durch\u00adschifften Region. Leg\u00aden Sie an um einen See oder Teich zu erkun\u00adden, entspan\u00adnen Sie sich bei ein\u00ader&nbsp;Angel\u00adpar\u00adtie oder g\u00f6n\u00adnen Sie sich ganz ein\u00adfach eine Bade\u00adpause. Eine Flusskreuz\u00adfahrt&nbsp;pr\u00e4sen\u00adtiert <b>ein schi\u00ader uner\u00adsch\u00f6pflich\u00ades Ange\u00adbot an abwech\u00adslungsre\u00adichen Aktiv\u00adit\u00e4ten und mul\u00adti\u00adplizierten Freuden.<\/b><\/span><\/span><\/p><h2><span lang=\"de-DE\" style=\"color: #000000;\">Ein originelles Angebot, das keine W\u00fcnsche offen&nbsp;l\u00e4sst&nbsp;!<\/span><\/h2><p><span lang=\"de-DE\"><span style=\"color: #000000;\">Ein Haus\u00adboot mieten ist nicht nur eine andere Art zu reisen und so dem Massen\u00adtouris\u00admus zu entkom\u00admen, sie laden eben\u00adfalls zur <b>Erkun\u00addung beein\u00addruck\u00adender Sehensw\u00fcrdigkeit\u00aden ein<\/b>. Mit Abfahrtsh\u00e4fen in den beliebtesten Regio\u00adnen Frankre\u00adichs und Europas k\u00f6n\u00adnen Sie Ihre Des\u00adti\u00adna\u00adtion nach Ihren indi\u00advidu\u00adellen Vor\u00adlieben ausw\u00e4hlen.<\/span>&nbsp;<span style=\"color: #004677;\"><a style=\"color: #004677;\" href=\"https:\/\/www.lescanalous.com\/de\/region\/bretagne\/\">Eine Erkun\u00addung der sagenum\u00adwobe\u00adnen Bre\u00adtagne<\/a><\/span>&nbsp;<span style=\"color: #000000;\">oder eine Fahrt durch die<\/span>&nbsp;<a href=\"https:\/\/www.lescanalous.com\/de\/region\/lot-en-quercy\/\"><span style=\"color: #004677;\">Fein\u00adschmeck\u00ader\u00adre\u00adgion Lot<\/span><\/a><span style=\"color: #000000;\">, die Wahl liegt bei Ihnen. Unser viel\u00adseit\u00adiges Ange\u00adbot erwartet Sie.<\/span><\/span><\/p>\t\t\t\t\t\t\t\t<\/div>\n\t\t\t\t<\/div>\n\t\t\t\t\t<\/div>\n\t\t<\/div>\n\t\t\t\t\t<\/div>\n\t\t<\/section>\n\t\t\t\t<\/div>\n\t\t","protected":false},"excerpt":{"rendered":"<p>Willkom\u00admen auf der Home\u00adpage von Les Canalous, dem Spezial\u00adis\u00adten f\u00fcr Haus\u00adboot\u00adfe\u00adrien Unser Aben\u00adteuer begann Anfang der 80er Jahre im Bur\u00adgund. Seit nun\u00admehr fast 40 Jahren sind wir f\u00fcr Sie da, um Ihnen den Charme der Flusskreuz\u00adfahrt bekan\u00adnt zu machen und diese Urlaub\u00ads\u00adform einem bre\u00adit\u00aden Pub\u00adlikum zu erm\u00f6glichen. Im Laufe der Jahre erweit\u00aderten wir unsere Reviere\u2026<\/p>\n","protected":false},"author":10,"featured_media":159,"parent":0,"menu_order":66,"comment_status":"closed","ping_status":"closed","template":"","meta":{"_acf_changed":false,"inline_featured_image":false,"wp_typography_post_enhancements_disabled":false,"footnotes":""},"class_list":["post-3706","page","type-page","status-publish","has-post-thumbnail","hentry"],"acf":[],"yoast_head":"<!-- This site is optimized with the Yoast SEO plugin v27.5 - https:\/\/yoast.com\/product\/yoast-seo-wordpress\/ -->\n<title>Les Canalous: Bootsverleih ohne F\u00fchrerschein<\/title>\n<meta name=\"description\" content=\"Begeben Sie sich mit Les Canalous auf eine Flusskreuzfahrt. Mieten Sie ein Hausboot ohne F\u00fchrerschein und entdecken Sie Frankreich.\" \/>\n<meta name=\"robots\" content=\"index, follow, max-snippet:-1, max-image-preview:large, max-video-preview:-1\" \/>\n<link rel=\"canonical\" href=\"https:\/\/www.lescanalous.com\/de\/\" \/>\n<meta property=\"og:locale\" content=\"de_DE\" \/>\n<meta property=\"og:type\" content=\"article\" \/>\n<meta property=\"og:title\" content=\"Les Canalous: Bootsverleih ohne F\u00fchrerschein\" \/>\n<meta property=\"og:description\" content=\"Begeben Sie sich mit Les Canalous auf eine Flusskreuzfahrt. Mieten Sie ein Hausboot ohne F\u00fchrerschein und entdecken Sie Frankreich.\" \/>\n<meta property=\"og:url\" content=\"https:\/\/www.lescanalous.com\/de\/\" \/>\n<meta property=\"og:site_name\" content=\"Les Canalous\" \/>\n<meta property=\"article:publisher\" content=\"https:\/\/www.facebook.com\/lescanalous\/\" \/>\n<meta property=\"article:modified_time\" content=\"2026-05-12T08:47:47+00:00\" \/>\n<meta property=\"og:image\" content=\"https:\/\/cdn.lescanalous.com\/uploads\/2018\/01\/accueil.jpg\" \/>\n\t<meta property=\"og:image:width\" content=\"1920\" \/>\n\t<meta property=\"og:image:height\" content=\"944\" \/>\n\t<meta property=\"og:image:type\" content=\"image\/jpeg\" \/>\n<meta name=\"twitter:card\" content=\"summary_large_image\" \/>\n<meta name=\"twitter:site\" content=\"@lescanalous\" \/>\n<meta name=\"twitter:label1\" content=\"Gesch\u00e4tzte Lesezeit\" \/>\n\t<meta name=\"twitter:data1\" content=\"2\u00a0Minuten\" \/>\n<script type=\"application\/ld+json\" class=\"yoast-schema-graph\">{\"@context\":\"https:\\\/\\\/schema.org\",\"@graph\":[{\"@type\":\"WebPage\",\"@id\":\"https:\\\/\\\/www.lescanalous.com\\\/de\\\/\",\"url\":\"https:\\\/\\\/www.lescanalous.com\\\/de\\\/\",\"name\":\"Les Canalous: Bootsverleih ohne F\u00fchrerschein\",\"isPartOf\":{\"@id\":\"https:\\\/\\\/www.lescanalous.com\\\/#website\"},\"primaryImageOfPage\":{\"@id\":\"https:\\\/\\\/www.lescanalous.com\\\/de\\\/#primaryimage\"},\"image\":{\"@id\":\"https:\\\/\\\/www.lescanalous.com\\\/de\\\/#primaryimage\"},\"thumbnailUrl\":\"https:\\\/\\\/cdn.lescanalous.com\\\/uploads\\\/2018\\\/01\\\/accueil.jpg\",\"datePublished\":\"2018-01-23T17:22:03+00:00\",\"dateModified\":\"2026-05-12T08:47:47+00:00\",\"description\":\"Begeben Sie sich mit Les Canalous auf eine Flusskreuzfahrt. Mieten Sie ein Hausboot ohne F\u00fchrerschein und entdecken Sie Frankreich.\",\"breadcrumb\":{\"@id\":\"https:\\\/\\\/www.lescanalous.com\\\/de\\\/#breadcrumb\"},\"inLanguage\":\"de\",\"potentialAction\":[{\"@type\":\"ReadAction\",\"target\":[\"https:\\\/\\\/www.lescanalous.com\\\/de\\\/\"]}]},{\"@type\":\"ImageObject\",\"inLanguage\":\"de\",\"@id\":\"https:\\\/\\\/www.lescanalous.com\\\/de\\\/#primaryimage\",\"url\":\"https:\\\/\\\/cdn.lescanalous.com\\\/uploads\\\/2018\\\/01\\\/accueil.jpg\",\"contentUrl\":\"https:\\\/\\\/cdn.lescanalous.com\\\/uploads\\\/2018\\\/01\\\/accueil.jpg\",\"width\":1920,\"height\":944},{\"@type\":\"BreadcrumbList\",\"@id\":\"https:\\\/\\\/www.lescanalous.com\\\/de\\\/#breadcrumb\",\"itemListElement\":[{\"@type\":\"ListItem\",\"position\":1,\"name\":\"Accueil\",\"item\":\"https:\\\/\\\/www.lescanalous.com\\\/de\\\/\"},{\"@type\":\"ListItem\",\"position\":2,\"name\":\"Home\",\"item\":\"https:\\\/\\\/www.lescanalous.com\\\/de\\\/\"}]},{\"@type\":\"WebSite\",\"@id\":\"https:\\\/\\\/www.lescanalous.com\\\/#website\",\"url\":\"https:\\\/\\\/www.lescanalous.com\\\/\",\"name\":\"Les Canalous\",\"description\":\"Partez \u00e0 l&#039;aventure ! Location de bateaux sans permis, croisi\u00e8res fluviales.\",\"publisher\":{\"@id\":\"https:\\\/\\\/www.lescanalous.com\\\/#organization\"},\"potentialAction\":[{\"@type\":\"SearchAction\",\"target\":{\"@type\":\"EntryPoint\",\"urlTemplate\":\"https:\\\/\\\/www.lescanalous.com\\\/?s={search_term_string}\"},\"query-input\":{\"@type\":\"PropertyValueSpecification\",\"valueRequired\":true,\"valueName\":\"search_term_string\"}}],\"inLanguage\":\"de\"},{\"@type\":\"Organization\",\"@id\":\"https:\\\/\\\/www.lescanalous.com\\\/#organization\",\"name\":\"Les Canalous\",\"url\":\"https:\\\/\\\/www.lescanalous.com\\\/\",\"logo\":{\"@type\":\"ImageObject\",\"inLanguage\":\"de\",\"@id\":\"https:\\\/\\\/www.lescanalous.com\\\/#\\\/schema\\\/logo\\\/image\\\/\",\"url\":\"https:\\\/\\\/cdn.lescanalous.com\\\/uploads\\\/2025\\\/04\\\/logo-canalous-blanc-sur-bleu.svg\",\"contentUrl\":\"https:\\\/\\\/cdn.lescanalous.com\\\/uploads\\\/2025\\\/04\\\/logo-canalous-blanc-sur-bleu.svg\",\"width\":753,\"height\":119,\"caption\":\"Les Canalous\"},\"image\":{\"@id\":\"https:\\\/\\\/www.lescanalous.com\\\/#\\\/schema\\\/logo\\\/image\\\/\"},\"sameAs\":[\"https:\\\/\\\/www.facebook.com\\\/lescanalous\\\/\",\"https:\\\/\\\/x.com\\\/lescanalous\",\"https:\\\/\\\/www.instagram.com\\\/lescanalous\\\/\"]}]}<\/script>\n<!-- \/ Yoast SEO plugin. -->","yoast_head_json":{"title":"Les Canalous: Bootsverleih ohne F\u00fchrerschein","description":"Begeben Sie sich mit Les Canalous auf eine Flusskreuzfahrt. Mieten Sie ein Hausboot ohne F\u00fchrerschein und entdecken Sie Frankreich.","robots":{"index":"index","follow":"follow","max-snippet":"max-snippet:-1","max-image-preview":"max-image-preview:large","max-video-preview":"max-video-preview:-1"},"canonical":"https:\/\/www.lescanalous.com\/de\/","og_locale":"de_DE","og_type":"article","og_title":"Les Canalous: Bootsverleih ohne F\u00fchrerschein","og_description":"Begeben Sie sich mit Les Canalous auf eine Flusskreuzfahrt. Mieten Sie ein Hausboot ohne F\u00fchrerschein und entdecken Sie Frankreich.","og_url":"https:\/\/www.lescanalous.com\/de\/","og_site_name":"Les Canalous","article_publisher":"https:\/\/www.facebook.com\/lescanalous\/","article_modified_time":"2026-05-12T08:47:47+00:00","og_image":[{"width":1920,"height":944,"url":"https:\/\/cdn.lescanalous.com\/uploads\/2018\/01\/accueil.jpg","type":"image\/jpeg"}],"twitter_card":"summary_large_image","twitter_site":"@lescanalous","twitter_misc":{"Gesch\u00e4tzte Lesezeit":"2\u00a0Minuten"},"schema":{"@context":"https:\/\/schema.org","@graph":[{"@type":"WebPage","@id":"https:\/\/www.lescanalous.com\/de\/","url":"https:\/\/www.lescanalous.com\/de\/","name":"Les Canalous: Bootsverleih ohne F\u00fchrerschein","isPartOf":{"@id":"https:\/\/www.lescanalous.com\/#website"},"primaryImageOfPage":{"@id":"https:\/\/www.lescanalous.com\/de\/#primaryimage"},"image":{"@id":"https:\/\/www.lescanalous.com\/de\/#primaryimage"},"thumbnailUrl":"https:\/\/cdn.lescanalous.com\/uploads\/2018\/01\/accueil.jpg","datePublished":"2018-01-23T17:22:03+00:00","dateModified":"2026-05-12T08:47:47+00:00","description":"Begeben Sie sich mit Les Canalous auf eine Flusskreuzfahrt. Mieten Sie ein Hausboot ohne F\u00fchrerschein und entdecken Sie Frankreich.","breadcrumb":{"@id":"https:\/\/www.lescanalous.com\/de\/#breadcrumb"},"inLanguage":"de","potentialAction":[{"@type":"ReadAction","target":["https:\/\/www.lescanalous.com\/de\/"]}]},{"@type":"ImageObject","inLanguage":"de","@id":"https:\/\/www.lescanalous.com\/de\/#primaryimage","url":"https:\/\/cdn.lescanalous.com\/uploads\/2018\/01\/accueil.jpg","contentUrl":"https:\/\/cdn.lescanalous.com\/uploads\/2018\/01\/accueil.jpg","width":1920,"height":944},{"@type":"BreadcrumbList","@id":"https:\/\/www.lescanalous.com\/de\/#breadcrumb","itemListElement":[{"@type":"ListItem","position":1,"name":"Accueil","item":"https:\/\/www.lescanalous.com\/de\/"},{"@type":"ListItem","position":2,"name":"Home","item":"https:\/\/www.lescanalous.com\/de\/"}]},{"@type":"WebSite","@id":"https:\/\/www.lescanalous.com\/#website","url":"https:\/\/www.lescanalous.com\/","name":"Les Canalous","description":"Partez \u00e0 l&#039;aventure ! Location de bateaux sans permis, croisi\u00e8res fluviales.","publisher":{"@id":"https:\/\/www.lescanalous.com\/#organization"},"potentialAction":[{"@type":"SearchAction","target":{"@type":"EntryPoint","urlTemplate":"https:\/\/www.lescanalous.com\/?s={search_term_string}"},"query-input":{"@type":"PropertyValueSpecification","valueRequired":true,"valueName":"search_term_string"}}],"inLanguage":"de"},{"@type":"Organization","@id":"https:\/\/www.lescanalous.com\/#organization","name":"Les Canalous","url":"https:\/\/www.lescanalous.com\/","logo":{"@type":"ImageObject","inLanguage":"de","@id":"https:\/\/www.lescanalous.com\/#\/schema\/logo\/image\/","url":"https:\/\/cdn.lescanalous.com\/uploads\/2025\/04\/logo-canalous-blanc-sur-bleu.svg","contentUrl":"https:\/\/cdn.lescanalous.com\/uploads\/2025\/04\/logo-canalous-blanc-sur-bleu.svg","width":753,"height":119,"caption":"Les Canalous"},"image":{"@id":"https:\/\/www.lescanalous.com\/#\/schema\/logo\/image\/"},"sameAs":["https:\/\/www.facebook.com\/lescanalous\/","https:\/\/x.com\/lescanalous","https:\/\/www.instagram.com\/lescanalous\/"]}]}},"_links":{"self":[{"href":"https:\/\/www.lescanalous.com\/de\/wp-json\/wp\/v2\/pages\/3706","targetHints":{"allow":["GET"]}}],"collection":[{"href":"https:\/\/www.lescanalous.com\/de\/wp-json\/wp\/v2\/pages"}],"about":[{"href":"https:\/\/www.lescanalous.com\/de\/wp-json\/wp\/v2\/types\/page"}],"author":[{"embeddable":true,"href":"https:\/\/www.lescanalous.com\/de\/wp-json\/wp\/v2\/users\/10"}],"replies":[{"embeddable":true,"href":"https:\/\/www.lescanalous.com\/de\/wp-json\/wp\/v2\/comments?post=3706"}],"version-history":[{"count":623,"href":"https:\/\/www.lescanalous.com\/de\/wp-json\/wp\/v2\/pages\/3706\/revisions"}],"predecessor-version":[{"id":53468,"href":"https:\/\/www.lescanalous.com\/de\/wp-json\/wp\/v2\/pages\/3706\/revisions\/53468"}],"wp:featuredmedia":[{"embeddable":true,"href":"https:\/\/www.lescanalous.com\/de\/wp-json\/wp\/v2\/media\/159"}],"wp:attachment":[{"href":"https:\/\/www.lescanalous.com\/de\/wp-json\/wp\/v2\/media?parent=3706"}],"curies":[{"name":"wp","href":"https:\/\/api.w.org\/{rel}","templated":true}]}}