{"id":3936,"date":"2018-02-16T09:25:14","date_gmt":"2018-02-16T08:25:14","guid":{"rendered":"https:\/\/www.lescanalous.com\/reservation\/"},"modified":"2025-06-03T16:41:21","modified_gmt":"2025-06-03T14:41:21","slug":"buchung","status":"publish","type":"page","link":"https:\/\/www.lescanalous.com\/de\/buchung\/","title":{"rendered":"Buchung"},"content":{"rendered":"","protected":false},"excerpt":{"rendered":"","protected":false},"author":3,"featured_media":0,"parent":0,"menu_order":81,"comment_status":"closed","ping_status":"closed","template":"views\/page-booking.blade.php","meta":{"_acf_changed":false,"inline_featured_image":false,"wp_typography_post_enhancements_disabled":false,"footnotes":""},"class_list":["post-3936","page","type-page","status-publish","hentry"],"acf":[],"yoast_head":"<!-- This site is optimized with the Yoast SEO plugin v27.3 - https:\/\/yoast.com\/product\/yoast-seo-wordpress\/ -->\n<title>Buchung eines Bootes ohne F\u00fchrerschein<\/title>\n<meta name=\"description\" content=\"Online-Reservierung von f\u00fchrerscheinfreien Hausbooten f\u00fcr eine Hausbootfahrt in Frankreich und Europa mit Les Canalous\" \/>\n<meta name=\"robots\" content=\"index, follow, max-snippet:-1, max-image-preview:large, max-video-preview:-1\" \/>\n<link rel=\"canonical\" href=\"https:\/\/www.lescanalous.com\/reservation\/\" \/>\n<meta property=\"og:locale\" content=\"de_DE\" \/>\n<meta property=\"og:type\" content=\"article\" \/>\n<meta property=\"og:title\" content=\"Buchung eines Bootes ohne F\u00fchrerschein\" \/>\n<meta property=\"og:description\" content=\"Online-Reservierung von f\u00fchrerscheinfreien Hausbooten f\u00fcr eine Hausbootfahrt in Frankreich und Europa mit Les Canalous\" \/>\n<meta property=\"og:url\" content=\"https:\/\/www.lescanalous.com\/reservation\/\" \/>\n<meta property=\"og:site_name\" content=\"Les Canalous\" \/>\n<meta property=\"article:publisher\" content=\"https:\/\/www.facebook.com\/lescanalous\/\" \/>\n<meta property=\"article:modified_time\" content=\"2025-06-03T14:41:21+00:00\" \/>\n<meta name=\"twitter:card\" content=\"summary_large_image\" \/>\n<meta name=\"twitter:site\" content=\"@lescanalous\" \/>\n<script type=\"application\/ld+json\" class=\"yoast-schema-graph\">{\"@context\":\"https:\\\/\\\/schema.org\",\"@graph\":[{\"@type\":\"WebPage\",\"@id\":\"https:\\\/\\\/www.lescanalous.com\\\/reservation\\\/\",\"url\":\"https:\\\/\\\/www.lescanalous.com\\\/reservation\\\/\",\"name\":\"Buchung eines Bootes ohne F\u00fchrerschein\",\"isPartOf\":{\"@id\":\"https:\\\/\\\/www.lescanalous.com\\\/#website\"},\"datePublished\":\"2018-02-16T08:25:14+00:00\",\"dateModified\":\"2025-06-03T14:41:21+00:00\",\"description\":\"Online-Reservierung von f\u00fchrerscheinfreien Hausbooten f\u00fcr eine Hausbootfahrt in Frankreich und Europa mit Les Canalous\",\"breadcrumb\":{\"@id\":\"https:\\\/\\\/www.lescanalous.com\\\/reservation\\\/#breadcrumb\"},\"inLanguage\":\"de\",\"potentialAction\":[{\"@type\":\"ReadAction\",\"target\":[\"https:\\\/\\\/www.lescanalous.com\\\/reservation\\\/\"]}]},{\"@type\":\"BreadcrumbList\",\"@id\":\"https:\\\/\\\/www.lescanalous.com\\\/reservation\\\/#breadcrumb\",\"itemListElement\":[{\"@type\":\"ListItem\",\"position\":1,\"name\":\"Accueil\",\"item\":\"https:\\\/\\\/www.lescanalous.com\\\/de\\\/\"},{\"@type\":\"ListItem\",\"position\":2,\"name\":\"Buchung\",\"item\":\"https:\\\/\\\/www.lescanalous.com\\\/reservation\\\/\"}]},{\"@type\":\"WebSite\",\"@id\":\"https:\\\/\\\/www.lescanalous.com\\\/#website\",\"url\":\"https:\\\/\\\/www.lescanalous.com\\\/\",\"name\":\"Les Canalous\",\"description\":\"Partez \u00e0 l&#039;aventure ! Location de bateaux sans permis, croisi\u00e8res fluviales.\",\"publisher\":{\"@id\":\"https:\\\/\\\/www.lescanalous.com\\\/#organization\"},\"potentialAction\":[{\"@type\":\"SearchAction\",\"target\":{\"@type\":\"EntryPoint\",\"urlTemplate\":\"https:\\\/\\\/www.lescanalous.com\\\/?s={search_term_string}\"},\"query-input\":{\"@type\":\"PropertyValueSpecification\",\"valueRequired\":true,\"valueName\":\"search_term_string\"}}],\"inLanguage\":\"de\"},{\"@type\":\"Organization\",\"@id\":\"https:\\\/\\\/www.lescanalous.com\\\/#organization\",\"name\":\"Les Canalous\",\"url\":\"https:\\\/\\\/www.lescanalous.com\\\/\",\"logo\":{\"@type\":\"ImageObject\",\"inLanguage\":\"de\",\"@id\":\"https:\\\/\\\/www.lescanalous.com\\\/#\\\/schema\\\/logo\\\/image\\\/\",\"url\":\"https:\\\/\\\/cdn.lescanalous.com\\\/uploads\\\/2025\\\/04\\\/logo-canalous-blanc-sur-bleu.svg\",\"contentUrl\":\"https:\\\/\\\/cdn.lescanalous.com\\\/uploads\\\/2025\\\/04\\\/logo-canalous-blanc-sur-bleu.svg\",\"width\":753,\"height\":119,\"caption\":\"Les Canalous\"},\"image\":{\"@id\":\"https:\\\/\\\/www.lescanalous.com\\\/#\\\/schema\\\/logo\\\/image\\\/\"},\"sameAs\":[\"https:\\\/\\\/www.facebook.com\\\/lescanalous\\\/\",\"https:\\\/\\\/x.com\\\/lescanalous\",\"https:\\\/\\\/www.instagram.com\\\/lescanalous\\\/\"]}]}<\/script>\n<!-- \/ Yoast SEO plugin. -->","yoast_head_json":{"title":"Buchung eines Bootes ohne F\u00fchrerschein","description":"Online-Reservierung von f\u00fchrerscheinfreien Hausbooten f\u00fcr eine Hausbootfahrt in Frankreich und Europa mit Les Canalous","robots":{"index":"index","follow":"follow","max-snippet":"max-snippet:-1","max-image-preview":"max-image-preview:large","max-video-preview":"max-video-preview:-1"},"canonical":"https:\/\/www.lescanalous.com\/reservation\/","og_locale":"de_DE","og_type":"article","og_title":"Buchung eines Bootes ohne F\u00fchrerschein","og_description":"Online-Reservierung von f\u00fchrerscheinfreien Hausbooten f\u00fcr eine Hausbootfahrt in Frankreich und Europa mit Les Canalous","og_url":"https:\/\/www.lescanalous.com\/reservation\/","og_site_name":"Les Canalous","article_publisher":"https:\/\/www.facebook.com\/lescanalous\/","article_modified_time":"2025-06-03T14:41:21+00:00","twitter_card":"summary_large_image","twitter_site":"@lescanalous","schema":{"@context":"https:\/\/schema.org","@graph":[{"@type":"WebPage","@id":"https:\/\/www.lescanalous.com\/reservation\/","url":"https:\/\/www.lescanalous.com\/reservation\/","name":"Buchung eines Bootes ohne F\u00fchrerschein","isPartOf":{"@id":"https:\/\/www.lescanalous.com\/#website"},"datePublished":"2018-02-16T08:25:14+00:00","dateModified":"2025-06-03T14:41:21+00:00","description":"Online-Reservierung von f\u00fchrerscheinfreien Hausbooten f\u00fcr eine Hausbootfahrt in Frankreich und Europa mit Les Canalous","breadcrumb":{"@id":"https:\/\/www.lescanalous.com\/reservation\/#breadcrumb"},"inLanguage":"de","potentialAction":[{"@type":"ReadAction","target":["https:\/\/www.lescanalous.com\/reservation\/"]}]},{"@type":"BreadcrumbList","@id":"https:\/\/www.lescanalous.com\/reservation\/#breadcrumb","itemListElement":[{"@type":"ListItem","position":1,"name":"Accueil","item":"https:\/\/www.lescanalous.com\/de\/"},{"@type":"ListItem","position":2,"name":"Buchung","item":"https:\/\/www.lescanalous.com\/reservation\/"}]},{"@type":"WebSite","@id":"https:\/\/www.lescanalous.com\/#website","url":"https:\/\/www.lescanalous.com\/","name":"Les Canalous","description":"Partez \u00e0 l&#039;aventure ! Location de bateaux sans permis, croisi\u00e8res fluviales.","publisher":{"@id":"https:\/\/www.lescanalous.com\/#organization"},"potentialAction":[{"@type":"SearchAction","target":{"@type":"EntryPoint","urlTemplate":"https:\/\/www.lescanalous.com\/?s={search_term_string}"},"query-input":{"@type":"PropertyValueSpecification","valueRequired":true,"valueName":"search_term_string"}}],"inLanguage":"de"},{"@type":"Organization","@id":"https:\/\/www.lescanalous.com\/#organization","name":"Les Canalous","url":"https:\/\/www.lescanalous.com\/","logo":{"@type":"ImageObject","inLanguage":"de","@id":"https:\/\/www.lescanalous.com\/#\/schema\/logo\/image\/","url":"https:\/\/cdn.lescanalous.com\/uploads\/2025\/04\/logo-canalous-blanc-sur-bleu.svg","contentUrl":"https:\/\/cdn.lescanalous.com\/uploads\/2025\/04\/logo-canalous-blanc-sur-bleu.svg","width":753,"height":119,"caption":"Les Canalous"},"image":{"@id":"https:\/\/www.lescanalous.com\/#\/schema\/logo\/image\/"},"sameAs":["https:\/\/www.facebook.com\/lescanalous\/","https:\/\/x.com\/lescanalous","https:\/\/www.instagram.com\/lescanalous\/"]}]}},"_links":{"self":[{"href":"https:\/\/www.lescanalous.com\/de\/wp-json\/wp\/v2\/pages\/3936","targetHints":{"allow":["GET"]}}],"collection":[{"href":"https:\/\/www.lescanalous.com\/de\/wp-json\/wp\/v2\/pages"}],"about":[{"href":"https:\/\/www.lescanalous.com\/de\/wp-json\/wp\/v2\/types\/page"}],"author":[{"embeddable":true,"href":"https:\/\/www.lescanalous.com\/de\/wp-json\/wp\/v2\/users\/3"}],"replies":[{"embeddable":true,"href":"https:\/\/www.lescanalous.com\/de\/wp-json\/wp\/v2\/comments?post=3936"}],"version-history":[{"count":2,"href":"https:\/\/www.lescanalous.com\/de\/wp-json\/wp\/v2\/pages\/3936\/revisions"}],"predecessor-version":[{"id":5625,"href":"https:\/\/www.lescanalous.com\/de\/wp-json\/wp\/v2\/pages\/3936\/revisions\/5625"}],"wp:attachment":[{"href":"https:\/\/www.lescanalous.com\/de\/wp-json\/wp\/v2\/media?parent=3936"}],"curies":[{"name":"wp","href":"https:\/\/api.w.org\/{rel}","templated":true}]}}